{"id":1154,"date":"2022-08-28T17:46:46","date_gmt":"2022-08-28T17:46:46","guid":{"rendered":"https:\/\/ginecenter.com\/?page_id=1154"},"modified":"2025-05-14T11:46:08","modified_gmt":"2025-05-14T11:46:08","slug":"datenschutz","status":"publish","type":"page","link":"https:\/\/ginecenter.com\/de\/proteccion-de-datos\/","title":{"rendered":"Datenschutz"},"content":{"rendered":"<div data-elementor-type=\"wp-page\" data-elementor-id=\"1154\" class=\"elementor elementor-1154\" data-elementor-post-type=\"page\">\n\t\t\t\t\t\t<section class=\"elementor-section elementor-top-section elementor-element elementor-element-2a825c6 elementor-section-content-middle elementor-reverse-mobile elementor-section-boxed elementor-section-height-default elementor-section-height-default\" data-id=\"2a825c6\" data-element_type=\"section\" data-e-type=\"section\" data-settings=\"{&quot;background_background&quot;:&quot;classic&quot;}\">\n\t\t\t\t\t\t\t<div class=\"elementor-background-overlay\"><\/div>\n\t\t\t\t\t\t\t<div class=\"elementor-container elementor-column-gap-default\">\n\t\t\t\t\t<div class=\"elementor-column elementor-col-50 elementor-top-column elementor-element elementor-element-167ca80\" data-id=\"167ca80\" data-element_type=\"column\" data-e-type=\"column\">\n\t\t\t<div class=\"elementor-widget-wrap elementor-element-populated\">\n\t\t\t\t\t\t<div class=\"elementor-element elementor-element-f46d079 elementor-invisible elementor-widget elementor-widget-heading\" data-id=\"f46d079\" data-element_type=\"widget\" data-e-type=\"widget\" data-settings=\"{&quot;_animation&quot;:&quot;fadeInLeft&quot;}\" data-widget_type=\"heading.default\">\n\t\t\t\t<div class=\"elementor-widget-container\">\n\t\t\t\t\t<h1 class=\"elementor-heading-title elementor-size-xl\">Datenschutz<\/h1>\t\t\t\t<\/div>\n\t\t\t\t<\/div>\n\t\t\t\t\t<\/div>\n\t\t<\/div>\n\t\t\t\t<div class=\"elementor-column elementor-col-50 elementor-top-column elementor-element elementor-element-663d210\" data-id=\"663d210\" data-element_type=\"column\" data-e-type=\"column\" data-settings=\"{&quot;background_background&quot;:&quot;classic&quot;}\">\n\t\t\t<div class=\"elementor-widget-wrap\">\n\t\t\t\t\t\t\t<\/div>\n\t\t<\/div>\n\t\t\t\t\t<\/div>\n\t\t<\/section>\n\t\t\t\t<section class=\"elementor-section elementor-top-section elementor-element elementor-element-5174b126 elementor-section-boxed elementor-section-height-default elementor-section-height-default\" data-id=\"5174b126\" data-element_type=\"section\" data-e-type=\"section\">\n\t\t\t\t\t\t<div class=\"elementor-container elementor-column-gap-default\">\n\t\t\t\t\t<div class=\"elementor-column elementor-col-100 elementor-top-column elementor-element elementor-element-35b42821\" data-id=\"35b42821\" data-element_type=\"column\" data-e-type=\"column\">\n\t\t\t<div class=\"elementor-widget-wrap elementor-element-populated\">\n\t\t\t\t\t\t<div class=\"elementor-element elementor-element-4782f2e elementor-widget elementor-widget-text-editor\" data-id=\"4782f2e\" data-element_type=\"widget\" data-e-type=\"widget\" data-widget_type=\"text-editor.default\">\n\t\t\t\t<div class=\"elementor-widget-container\">\n\t\t\t\t\t\t\t\t\t\n<p>GINECENTER hat ein\u00a0<strong>Handbuch zum Datenschutz<\/strong>\u00a0in Anwendung der Bestimmungen der VERORDNUNG (EU) 2016\/679 \u00fcber den Schutz personenbezogener Daten und des Organgesetzes 3\/2018 vom 5. Dezember \u00fcber den Datenschutz und die Gew\u00e4hrleistung digitaler Rechte sowie die regelm\u00e4\u00dfige Beratung und \u00dcberwachung durch PRODASUR, ein auf den Datenschutz spezialisiertes europ\u00e4isches Unternehmen. Zu diesem Zweck hat sie der spanischen Datenschutzbeh\u00f6rde die Daten des Datenschutzbeauftragten entsprechend der T\u00e4tigkeit der verantwortlichen Partei mitgeteilt. \u00a0<\/p>\n<p>Domains im Internet \"\u00a0<a href=\"https:\/\/web.archive.org\/web\/20210928125954\/http:\/\/ginecenter.com\/\" data-saferedirecturl=\"https:\/\/www.google.com\/url?q=http:\/\/ginecenter.com&amp;source=gmail&amp;ust=1584529683252000&amp;usg=AFQjCNEAWWECroeMyVdMXcKc84VbV0mK9w\">ginecenter.com<\/a>\u00a0y\u00a0<a href=\"https:\/\/web.archive.org\/web\/20210928125954\/http:\/\/ginecenter.es\/\" data-saferedirecturl=\"https:\/\/www.google.com\/url?q=http:\/\/ginecenter.es&amp;source=gmail&amp;ust=1584529683252000&amp;usg=AFQjCNFAN3JnDHshAlE7Uq4KcgLu31z5fA\">ginecenter.co.uk<\/a>\u00a0\" sind Eigentum von 2004 Ginecenter SL (CIF B 92514637), mit Adresse c\/ Alemania 15, bajo, in 29001 M\u00e1laga) und die Nutzung dieser Website setzt die Annahme der Nutzungsbedingungen durch den Nutzer voraus, und Ginecenter beh\u00e4lt sich das Recht vor, sowohl die Inhalte und Dienstleistungen als auch die Nutzungsbedingungen ohne vorherige Ank\u00fcndigung zu \u00e4ndern ( siehe\u00a0<a href=\"https:\/\/web.archive.org\/web\/20210928125954\/https:\/\/ginecenter.com\/aviso-legal.html\">Rechtlicher Hinweis<\/a>die die Nutzung der Website regelt).<\/p>\n<p>GINECENTER f\u00fchrt regelm\u00e4\u00dfig, mindestens alle zwei Jahre, ein Audit der Informationssysteme und Datenverarbeitungseinrichtungen durch, bei dem die Einhaltung und Angemessenheit der geltenden Datenschutzbestimmungen \u00fcberpr\u00fcft wird. Der Bericht dar\u00fcber wird der spanischen Datenschutzbeh\u00f6rde (Agencia Espa\u00f1ola de Protecci\u00f3n de Datos) zur Verf\u00fcgung gestellt.<\/p>\n\t\t\t\t\t\t\t\t<\/div>\n\t\t\t\t<\/div>\n\t\t\t\t<div class=\"elementor-element elementor-element-00f411a elementor-widget elementor-widget-image\" data-id=\"00f411a\" data-element_type=\"widget\" data-e-type=\"widget\" data-widget_type=\"image.default\">\n\t\t\t\t<div class=\"elementor-widget-container\">\n\t\t\t\t\t\t\t\t\t\t\t\t\t\t\t<img decoding=\"async\" width=\"126\" height=\"89\" data-src=\"https:\/\/ginecenter.com\/wp-content\/uploads\/2022\/08\/dge-data.gif\" class=\"attachment-large size-large wp-image-1157 lazyload\" alt=\"\" src=\"data:image\/svg+xml;base64,PHN2ZyB3aWR0aD0iMSIgaGVpZ2h0PSIxIiB4bWxucz0iaHR0cDovL3d3dy53My5vcmcvMjAwMC9zdmciPjwvc3ZnPg==\" style=\"--smush-placeholder-width: 126px; --smush-placeholder-aspect-ratio: 126\/89;\" \/>\t\t\t\t\t\t\t\t\t\t\t\t\t\t\t<\/div>\n\t\t\t\t<\/div>\n\t\t\t\t\t<\/div>\n\t\t<\/div>\n\t\t\t\t\t<\/div>\n\t\t<\/section>\n\t\t\t\t<\/div>","protected":false},"excerpt":{"rendered":"<p>GINECENTER dispone de un\u00a0Manual de protecci\u00f3n de datos\u00a0en aplicaci\u00f3n de\u00a0lo establecido en el REGLAMENTO (UE) 2016\/679 de protecci\u00f3n de datos de car\u00e1cter personal y la Ley Org\u00e1nica 3\/2018, de 5 de diciembre, de Protecci\u00f3n de Datos y garant\u00eda de los derechos digitales y\u00a0sesoramiento y seguimiento peri\u00f3dicos por parte de PRODASUR, empresa europea especializada en protecci\u00f3n [&hellip;]<\/p>\n","protected":false},"author":1,"featured_media":0,"parent":0,"menu_order":0,"comment_status":"closed","ping_status":"closed","template":"","meta":{"footnotes":""},"class_list":["post-1154","page","type-page","status-publish","hentry"],"yoast_head":"<!-- This site is optimized with the Yoast SEO plugin v27.3 - https:\/\/yoast.com\/product\/yoast-seo-wordpress\/ -->\n<title>Protecci\u00f3n de datos - Ginecenter<\/title>\n<meta name=\"robots\" content=\"index, follow, max-snippet:-1, max-image-preview:large, max-video-preview:-1\" \/>\n<link rel=\"canonical\" href=\"https:\/\/ginecenter.com\/de\/datenschutz\/\" \/>\n<meta property=\"og:locale\" content=\"de_DE\" \/>\n<meta property=\"og:type\" content=\"article\" \/>\n<meta property=\"og:title\" content=\"Protecci\u00f3n de datos - Ginecenter\" \/>\n<meta property=\"og:description\" content=\"GINECENTER dispone de un\u00a0Manual de protecci\u00f3n de datos\u00a0en aplicaci\u00f3n de\u00a0lo establecido en el REGLAMENTO (UE) 2016\/679 de protecci\u00f3n de datos de car\u00e1cter personal y la Ley Org\u00e1nica 3\/2018, de 5 de diciembre, de Protecci\u00f3n de Datos y garant\u00eda de los derechos digitales y\u00a0sesoramiento y seguimiento peri\u00f3dicos por parte de PRODASUR, empresa europea especializada en protecci\u00f3n [&hellip;]\" \/>\n<meta property=\"og:url\" content=\"https:\/\/ginecenter.com\/de\/datenschutz\/\" \/>\n<meta property=\"og:site_name\" content=\"Ginecenter\" \/>\n<meta property=\"article:modified_time\" content=\"2025-05-14T11:46:08+00:00\" \/>\n<meta property=\"og:image\" content=\"https:\/\/ginecenter.com\/wp-content\/uploads\/2022\/08\/dge-data.gif\" \/>\n\t<meta property=\"og:image:width\" content=\"126\" \/>\n\t<meta property=\"og:image:height\" content=\"89\" \/>\n\t<meta property=\"og:image:type\" content=\"image\/gif\" \/>\n<meta name=\"twitter:card\" content=\"summary_large_image\" \/>\n<meta name=\"twitter:label1\" content=\"Gesch\u00e4tzte Lesezeit\" \/>\n\t<meta name=\"twitter:data1\" content=\"2\u00a0Minuten\" \/>\n<script type=\"application\/ld+json\" class=\"yoast-schema-graph\">{\"@context\":\"https:\\\/\\\/schema.org\",\"@graph\":[{\"@type\":\"WebPage\",\"@id\":\"https:\\\/\\\/ginecenter.com\\\/proteccion-de-datos\\\/\",\"url\":\"https:\\\/\\\/ginecenter.com\\\/proteccion-de-datos\\\/\",\"name\":\"Protecci\u00f3n de datos - Ginecenter\",\"isPartOf\":{\"@id\":\"https:\\\/\\\/ginecenter.com\\\/#website\"},\"primaryImageOfPage\":{\"@id\":\"https:\\\/\\\/ginecenter.com\\\/proteccion-de-datos\\\/#primaryimage\"},\"image\":{\"@id\":\"https:\\\/\\\/ginecenter.com\\\/proteccion-de-datos\\\/#primaryimage\"},\"thumbnailUrl\":\"https:\\\/\\\/ginecenter.com\\\/wp-content\\\/uploads\\\/2022\\\/08\\\/dge-data.gif\",\"datePublished\":\"2022-08-28T17:46:46+00:00\",\"dateModified\":\"2025-05-14T11:46:08+00:00\",\"breadcrumb\":{\"@id\":\"https:\\\/\\\/ginecenter.com\\\/proteccion-de-datos\\\/#breadcrumb\"},\"inLanguage\":\"de\",\"potentialAction\":[{\"@type\":\"ReadAction\",\"target\":[\"https:\\\/\\\/ginecenter.com\\\/proteccion-de-datos\\\/\"]}]},{\"@type\":\"ImageObject\",\"inLanguage\":\"de\",\"@id\":\"https:\\\/\\\/ginecenter.com\\\/proteccion-de-datos\\\/#primaryimage\",\"url\":\"https:\\\/\\\/ginecenter.com\\\/wp-content\\\/uploads\\\/2022\\\/08\\\/dge-data.gif\",\"contentUrl\":\"https:\\\/\\\/ginecenter.com\\\/wp-content\\\/uploads\\\/2022\\\/08\\\/dge-data.gif\"},{\"@type\":\"BreadcrumbList\",\"@id\":\"https:\\\/\\\/ginecenter.com\\\/proteccion-de-datos\\\/#breadcrumb\",\"itemListElement\":[{\"@type\":\"ListItem\",\"position\":1,\"name\":\"Portada\",\"item\":\"https:\\\/\\\/ginecenter.com\\\/\"},{\"@type\":\"ListItem\",\"position\":2,\"name\":\"Protecci\u00f3n de datos\"}]},{\"@type\":\"WebSite\",\"@id\":\"https:\\\/\\\/ginecenter.com\\\/#website\",\"url\":\"https:\\\/\\\/ginecenter.com\\\/\",\"name\":\"Ginecenter\",\"description\":\"Otro sitio realizado con WordPress\",\"publisher\":{\"@id\":\"https:\\\/\\\/ginecenter.com\\\/#organization\"},\"potentialAction\":[{\"@type\":\"SearchAction\",\"target\":{\"@type\":\"EntryPoint\",\"urlTemplate\":\"https:\\\/\\\/ginecenter.com\\\/?s={search_term_string}\"},\"query-input\":{\"@type\":\"PropertyValueSpecification\",\"valueRequired\":true,\"valueName\":\"search_term_string\"}}],\"inLanguage\":\"de\"},{\"@type\":\"Organization\",\"@id\":\"https:\\\/\\\/ginecenter.com\\\/#organization\",\"name\":\"Ginecenter\",\"url\":\"https:\\\/\\\/ginecenter.com\\\/\",\"logo\":{\"@type\":\"ImageObject\",\"inLanguage\":\"de\",\"@id\":\"https:\\\/\\\/ginecenter.com\\\/#\\\/schema\\\/logo\\\/image\\\/\",\"url\":\"https:\\\/\\\/ginecenter.com\\\/wp-content\\\/uploads\\\/2022\\\/07\\\/logo_blanco.svg\",\"contentUrl\":\"https:\\\/\\\/ginecenter.com\\\/wp-content\\\/uploads\\\/2022\\\/07\\\/logo_blanco.svg\",\"width\":294,\"height\":70,\"caption\":\"Ginecenter\"},\"image\":{\"@id\":\"https:\\\/\\\/ginecenter.com\\\/#\\\/schema\\\/logo\\\/image\\\/\"}}]}<\/script>\n<!-- \/ Yoast SEO plugin. -->","yoast_head_json":{"title":"Datenschutz - Ginecenter","robots":{"index":"index","follow":"follow","max-snippet":"max-snippet:-1","max-image-preview":"max-image-preview:large","max-video-preview":"max-video-preview:-1"},"canonical":"https:\/\/ginecenter.com\/de\/datenschutz\/","og_locale":"de_DE","og_type":"article","og_title":"Protecci\u00f3n de datos - Ginecenter","og_description":"GINECENTER dispone de un\u00a0Manual de protecci\u00f3n de datos\u00a0en aplicaci\u00f3n de\u00a0lo establecido en el REGLAMENTO (UE) 2016\/679 de protecci\u00f3n de datos de car\u00e1cter personal y la Ley Org\u00e1nica 3\/2018, de 5 de diciembre, de Protecci\u00f3n de Datos y garant\u00eda de los derechos digitales y\u00a0sesoramiento y seguimiento peri\u00f3dicos por parte de PRODASUR, empresa europea especializada en protecci\u00f3n [&hellip;]","og_url":"https:\/\/ginecenter.com\/de\/datenschutz\/","og_site_name":"Ginecenter","article_modified_time":"2025-05-14T11:46:08+00:00","og_image":[{"width":126,"height":89,"url":"https:\/\/ginecenter.com\/wp-content\/uploads\/2022\/08\/dge-data.gif","type":"image\/gif"}],"twitter_card":"summary_large_image","twitter_misc":{"Gesch\u00e4tzte Lesezeit":"2\u00a0Minuten"},"schema":{"@context":"https:\/\/schema.org","@graph":[{"@type":"WebPage","@id":"https:\/\/ginecenter.com\/proteccion-de-datos\/","url":"https:\/\/ginecenter.com\/proteccion-de-datos\/","name":"Datenschutz - Ginecenter","isPartOf":{"@id":"https:\/\/ginecenter.com\/#website"},"primaryImageOfPage":{"@id":"https:\/\/ginecenter.com\/proteccion-de-datos\/#primaryimage"},"image":{"@id":"https:\/\/ginecenter.com\/proteccion-de-datos\/#primaryimage"},"thumbnailUrl":"https:\/\/ginecenter.com\/wp-content\/uploads\/2022\/08\/dge-data.gif","datePublished":"2022-08-28T17:46:46+00:00","dateModified":"2025-05-14T11:46:08+00:00","breadcrumb":{"@id":"https:\/\/ginecenter.com\/proteccion-de-datos\/#breadcrumb"},"inLanguage":"de","potentialAction":[{"@type":"ReadAction","target":["https:\/\/ginecenter.com\/proteccion-de-datos\/"]}]},{"@type":"ImageObject","inLanguage":"de","@id":"https:\/\/ginecenter.com\/proteccion-de-datos\/#primaryimage","url":"https:\/\/ginecenter.com\/wp-content\/uploads\/2022\/08\/dge-data.gif","contentUrl":"https:\/\/ginecenter.com\/wp-content\/uploads\/2022\/08\/dge-data.gif"},{"@type":"BreadcrumbList","@id":"https:\/\/ginecenter.com\/proteccion-de-datos\/#breadcrumb","itemListElement":[{"@type":"ListItem","position":1,"name":"Portada","item":"https:\/\/ginecenter.com\/"},{"@type":"ListItem","position":2,"name":"Protecci\u00f3n de datos"}]},{"@type":"WebSite","@id":"https:\/\/ginecenter.com\/#website","url":"https:\/\/ginecenter.com\/","name":"Ginecenter","description":"Eine andere WordPress-Seite","publisher":{"@id":"https:\/\/ginecenter.com\/#organization"},"potentialAction":[{"@type":"SearchAction","target":{"@type":"EntryPoint","urlTemplate":"https:\/\/ginecenter.com\/?s={search_term_string}"},"query-input":{"@type":"PropertyValueSpecification","valueRequired":true,"valueName":"search_term_string"}}],"inLanguage":"de"},{"@type":"Organization","@id":"https:\/\/ginecenter.com\/#organization","name":"Ginecenter","url":"https:\/\/ginecenter.com\/","logo":{"@type":"ImageObject","inLanguage":"de","@id":"https:\/\/ginecenter.com\/#\/schema\/logo\/image\/","url":"https:\/\/ginecenter.com\/wp-content\/uploads\/2022\/07\/logo_blanco.svg","contentUrl":"https:\/\/ginecenter.com\/wp-content\/uploads\/2022\/07\/logo_blanco.svg","width":294,"height":70,"caption":"Ginecenter"},"image":{"@id":"https:\/\/ginecenter.com\/#\/schema\/logo\/image\/"}}]}},"_links":{"self":[{"href":"https:\/\/ginecenter.com\/de\/wp-json\/wp\/v2\/pages\/1154","targetHints":{"allow":["GET"]}}],"collection":[{"href":"https:\/\/ginecenter.com\/de\/wp-json\/wp\/v2\/pages"}],"about":[{"href":"https:\/\/ginecenter.com\/de\/wp-json\/wp\/v2\/types\/page"}],"author":[{"embeddable":true,"href":"https:\/\/ginecenter.com\/de\/wp-json\/wp\/v2\/users\/1"}],"replies":[{"embeddable":true,"href":"https:\/\/ginecenter.com\/de\/wp-json\/wp\/v2\/comments?post=1154"}],"version-history":[{"count":7,"href":"https:\/\/ginecenter.com\/de\/wp-json\/wp\/v2\/pages\/1154\/revisions"}],"predecessor-version":[{"id":1437,"href":"https:\/\/ginecenter.com\/de\/wp-json\/wp\/v2\/pages\/1154\/revisions\/1437"}],"wp:attachment":[{"href":"https:\/\/ginecenter.com\/de\/wp-json\/wp\/v2\/media?parent=1154"}],"curies":[{"name":"wp","href":"https:\/\/api.w.org\/{rel}","templated":true}]}}