{"id":1164,"date":"2022-08-28T17:51:19","date_gmt":"2022-08-28T17:51:19","guid":{"rendered":"https:\/\/ginecenter.com\/?page_id=1164"},"modified":"2025-05-14T11:45:10","modified_gmt":"2025-05-14T11:45:10","slug":"cookie-richtlinie","status":"publish","type":"page","link":"https:\/\/ginecenter.com\/de\/politica-de-cookies\/","title":{"rendered":"Cookies Politik"},"content":{"rendered":"<div data-elementor-type=\"wp-page\" data-elementor-id=\"1164\" class=\"elementor elementor-1164\" data-elementor-post-type=\"page\">\n\t\t\t\t\t\t<section class=\"elementor-section elementor-top-section elementor-element elementor-element-2a825c6 elementor-section-content-middle elementor-reverse-mobile elementor-section-boxed elementor-section-height-default elementor-section-height-default\" data-id=\"2a825c6\" data-element_type=\"section\" data-e-type=\"section\" data-settings=\"{&quot;background_background&quot;:&quot;classic&quot;}\">\n\t\t\t\t\t\t\t<div class=\"elementor-background-overlay\"><\/div>\n\t\t\t\t\t\t\t<div class=\"elementor-container elementor-column-gap-default\">\n\t\t\t\t\t<div class=\"elementor-column elementor-col-50 elementor-top-column elementor-element elementor-element-167ca80\" data-id=\"167ca80\" data-element_type=\"column\" data-e-type=\"column\">\n\t\t\t<div class=\"elementor-widget-wrap elementor-element-populated\">\n\t\t\t\t\t\t<div class=\"elementor-element elementor-element-f46d079 elementor-invisible elementor-widget elementor-widget-heading\" data-id=\"f46d079\" data-element_type=\"widget\" data-e-type=\"widget\" data-settings=\"{&quot;_animation&quot;:&quot;fadeInLeft&quot;}\" data-widget_type=\"heading.default\">\n\t\t\t\t<div class=\"elementor-widget-container\">\n\t\t\t\t\t<h1 class=\"elementor-heading-title elementor-size-xl\">Cookies Politik<\/h1>\t\t\t\t<\/div>\n\t\t\t\t<\/div>\n\t\t\t\t\t<\/div>\n\t\t<\/div>\n\t\t\t\t<div class=\"elementor-column elementor-col-50 elementor-top-column elementor-element elementor-element-663d210\" data-id=\"663d210\" data-element_type=\"column\" data-e-type=\"column\" data-settings=\"{&quot;background_background&quot;:&quot;classic&quot;}\">\n\t\t\t<div class=\"elementor-widget-wrap\">\n\t\t\t\t\t\t\t<\/div>\n\t\t<\/div>\n\t\t\t\t\t<\/div>\n\t\t<\/section>\n\t\t\t\t<section class=\"elementor-section elementor-top-section elementor-element elementor-element-5174b126 elementor-section-boxed elementor-section-height-default elementor-section-height-default\" data-id=\"5174b126\" data-element_type=\"section\" data-e-type=\"section\">\n\t\t\t\t\t\t<div class=\"elementor-container elementor-column-gap-default\">\n\t\t\t\t\t<div class=\"elementor-column elementor-col-100 elementor-top-column elementor-element elementor-element-35b42821\" data-id=\"35b42821\" data-element_type=\"column\" data-e-type=\"column\">\n\t\t\t<div class=\"elementor-widget-wrap elementor-element-populated\">\n\t\t\t\t\t\t<div class=\"elementor-element elementor-element-4782f2e elementor-widget elementor-widget-text-editor\" data-id=\"4782f2e\" data-element_type=\"widget\" data-e-type=\"widget\" data-widget_type=\"text-editor.default\">\n\t\t\t\t<div class=\"elementor-widget-container\">\n\t\t\t\t\t\t\t\t\t<p><\/p>\n<p>2004 Ginecenter, S.L. informiert \u00fcber die Verwendung von Cookies auf seiner Website. <a href=\"https:\/\/web.archive.org\/web\/20210928140650\/http:\/\/www.ginecenter.com\/\">www.ginecenter.com<\/a>\u00a0\u00a0<\/p>\n<p><strong>\u00a0<\/strong><\/p>\n<h3><strong>Was sind Cookies?<\/strong><\/h3>\n<p>Cookies sind Dateien, die von Websites auf Ihren Computer heruntergeladen werden k\u00f6nnen. Sie sind Werkzeuge, die eine wesentliche Rolle bei der Bereitstellung zahlreicher Dienste der Informationsgesellschaft spielen. Sie erm\u00f6glichen es einer Website unter anderem, Informationen \u00fcber die Surfgewohnheiten eines Benutzers oder seiner Ger\u00e4te zu speichern und abzurufen. Je nach den erhaltenen Informationen k\u00f6nnen sie dazu verwendet werden, den Benutzer zu erkennen und den angebotenen Service zu verbessern.<\/p>\n<p><strong>\u00a0<\/strong><\/p>\n<h3><strong>Arten von Cookies<\/strong><\/h3>\n<p>Je nach der Einrichtung, die die Dom\u00e4ne verwaltet, von der die Cookies gesendet werden, und die die erhaltenen Daten verarbeitet, k\u00f6nnen zwei Arten von Cookies unterschieden werden:<\/p>\n<ul>\n<li>Eigene Cookies: Cookies, die von einem Computer oder einer Dom\u00e4ne, die vom Herausgeber selbst verwaltet wird und von der aus der vom Benutzer angeforderte Dienst bereitgestellt wird, an das Endger\u00e4t des Benutzers gesendet werden.<\/li>\n<\/ul>\n<ul>\n<li>Cookies von Drittanbietern: Cookies, die von einem Computer oder einer Dom\u00e4ne, die nicht vom Herausgeber, sondern von einer anderen Einrichtung, die die durch die Cookies erhaltenen Daten verarbeitet, an das Endger\u00e4t des Benutzers gesendet werden.<\/li>\n<\/ul>\n<p>F\u00fcr den Fall, dass die Cookies von einem Computer oder einer Dom\u00e4ne installiert werden, die vom Editor selbst verwaltet wird, die durch sie gesammelten Informationen aber von einem Dritten verwaltet werden, k\u00f6nnen sie nicht als eigene Cookies betrachtet werden.<\/p>\n<p>\u00a0<\/p>\n<p>Au\u00dferdem gibt es eine zweite Klassifizierung nach der Dauer, die sie im Browser des Kunden gespeichert bleiben:<\/p>\n<ul>\n<li>Sitzungscookies: dienen dazu, Daten zu sammeln und zu speichern, w\u00e4hrend der Benutzer auf eine Website zugreift. Sie werden in der Regel verwendet, um Informationen zu speichern, die nur f\u00fcr die Erbringung des vom Benutzer angeforderten Dienstes bei einer einzigen Gelegenheit aufbewahrt werden m\u00fcssen (z. B. eine Liste der gekauften Produkte).<\/li>\n<\/ul>\n<ul>\n<li>Dauerhafte Cookies: Die Daten bleiben auf dem Endger\u00e4t gespeichert und k\u00f6nnen f\u00fcr einen von der f\u00fcr das Cookie verantwortlichen Partei festgelegten Zeitraum, der von einigen Minuten bis zu mehreren Jahren reichen kann, abgerufen und verarbeitet werden.<\/li>\n<\/ul>\n<div>\u00a0<\/div>\n<p>Schlie\u00dflich gibt es noch eine weitere Klassifizierung mit f\u00fcnf Arten von Cookies je nach dem Zweck, zu dem die erhaltenen Daten verarbeitet werden:<\/p>\n<ul>\n<li>Technische Cookies: Cookies, die es dem Benutzer erm\u00f6glichen, auf einer Website, einer Plattform oder einer Anwendung zu surfen und die verschiedenen Optionen oder Dienste zu nutzen, die es dort gibt, wie z.B. die Steuerung des Datenverkehrs und der Datenkommunikation, die Identifizierung der Sitzung, den Zugriff auf Bereiche mit eingeschr\u00e4nktem Zugang, die Erinnerung an die Elemente, aus denen eine Bestellung besteht, die Durchf\u00fchrung des Kaufvorgangs einer Bestellung, die Beantragung einer Registrierung oder die Teilnahme an einer Veranstaltung, die Verwendung von Sicherheitselementen w\u00e4hrend des Surfens, die Speicherung von Inhalten f\u00fcr die \u00dcbertragung von Videos oder Ton oder das Teilen von Inhalten \u00fcber soziale Netzwerke.<\/li>\n<\/ul>\n<ul>\n<li>Personalisierungs-Cookies: Sie erm\u00f6glichen es dem Benutzer, auf den Dienst mit einigen vordefinierten allgemeinen Merkmalen zuzugreifen, die von einer Reihe von Kriterien auf dem Endger\u00e4t des Benutzers abh\u00e4ngen, wie z.B. der Sprache, der Art des Browsers, der f\u00fcr den Zugriff auf den Dienst verwendet wird, der regionalen Konfiguration, von der aus auf den Dienst zugegriffen wird, usw.<\/li>\n<\/ul>\n<ul>\n<li>Analyse-Cookies: Diese erm\u00f6glichen es der f\u00fcr sie verantwortlichen Partei, das Verhalten der Nutzer der Websites, mit denen sie verkn\u00fcpft sind, zu \u00fcberwachen und zu analysieren. Die durch diese Art von Cookies gesammelten Informationen werden zur Messung der Aktivit\u00e4t der Websites, Anwendungen oder Plattformen und zur Erstellung von Browsing-Profilen der Nutzer dieser Websites, Anwendungen und Plattformen verwendet, um Verbesserungen auf der Grundlage der Analyse der Nutzungsdaten der Nutzer des Dienstes einzuf\u00fchren.<\/li>\n<\/ul>\n<ul>\n<li>Werbe-Cookies: erm\u00f6glichen die m\u00f6glichst effiziente Verwaltung von Werbefl\u00e4chen.<\/li>\n<\/ul>\n<ul>\n<li>Cookies f\u00fcr verhaltensbasierte Werbung: Diese speichern Informationen \u00fcber das Nutzerverhalten, die durch kontinuierliche Beobachtung der Surfgewohnheiten gewonnen werden.<\/li>\n<\/ul>\n<ul>\n<li>Cookies von externen sozialen Netzwerken: Diese werden verwendet, damit Besucher mit den Inhalten verschiedener sozialer Plattformen (Facebook, Youtube, Twitter, LinkedIn, etc.) interagieren k\u00f6nnen und werden nur f\u00fcr Nutzer dieser sozialen Netzwerke generiert. Die Bedingungen f\u00fcr die Verwendung dieser Cookies und die gesammelten Informationen werden durch die Datenschutzbestimmungen der entsprechenden sozialen Plattform geregelt.<\/li>\n<\/ul>\n<p><strong>\u00a0<\/strong><\/p>\n<h3><strong>Deaktivieren und L\u00f6schen von Cookies<\/strong><strong>\u00a0<\/strong><\/h3>\n<p>Sie haben die M\u00f6glichkeit, auf Ihrem Computer installierte Cookies zuzulassen, zu blockieren oder zu l\u00f6schen, indem Sie die auf Ihrem Computer installierten Browseroptionen konfigurieren. Wenn Sie Cookies deaktivieren, k\u00f6nnen einige der verf\u00fcgbaren Dienste nicht mehr funktionieren. Die Art und Weise, wie Sie Cookies deaktivieren k\u00f6nnen, ist von Browser zu Browser unterschiedlich, kann aber in der Regel \u00fcber das Men\u00fc Extras oder Optionen vorgenommen werden. Sie k\u00f6nnen auch das Hilfe-Men\u00fc des Browsers konsultieren, wo Sie Anweisungen finden. Der Benutzer kann jederzeit w\u00e4hlen, welche Cookies er auf dieser Website verwenden m\u00f6chte.<\/p>\n<p>\u00a0<\/p>\n<p>Sie k\u00f6nnen die auf Ihrem Computer installierten Cookies zulassen, blockieren oder l\u00f6schen, indem Sie die auf Ihrem Computer installierten Browseroptionen konfigurieren:<\/p>\n<ul>\n<li>Microsoft Internet Explorer oder Microsoft Edge:<\/li>\n<\/ul>\n<p><a href=\"https:\/\/web.archive.org\/web\/20210928140650\/http:\/\/windows.microsoft.com\/es-es\/windows-vista\/Block-or-allow-cookies\">http:\/\/windows.microsoft.com\/es-es\/windows-vista\/Block-or-allow-cookies<\/a><\/p>\n<ul>\n<li>Mozilla Firefox:\u00a0<a href=\"https:\/\/web.archive.org\/web\/20210928140650\/http:\/\/support.mozilla.org\/es\/kb\/impedir-que-los-sitios-web-guarden-sus-preferencia\">http:\/\/support.mozilla.org\/es\/kb\/impedir-que-los-sitios-web-guarden-sus-preferencia<\/a><\/li>\n<li>Chrom:\u00a0<a href=\"https:\/\/web.archive.org\/web\/20210928140650\/https:\/\/support.google.com\/accounts\/answer\/61416?hl=es\">https:\/\/support.google.com\/accounts\/answer\/61416?hl=es<\/a><\/li>\n<li>Safari:\u00a0<a href=\"https:\/\/web.archive.org\/web\/20210928140650\/http:\/\/safari.helpmax.net\/es\/privacidad-y-seguridad\/como-gestionar-las-cookies\/\">http:\/\/safari.helpmax.net\/es\/privacidad-y-seguridad\/como-gestionar-las-cookies\/<\/a><\/li>\n<li>Oper:\u00a0<a href=\"https:\/\/web.archive.org\/web\/20210928140650\/http:\/\/help.opera.com\/Linux\/10.60\/es-ES\/cookies.html\">http:\/\/help.opera.com\/Linux\/10.60\/es-ES\/cookies.html<\/a><\/li>\n<\/ul>\n<p>Dar\u00fcber hinaus k\u00f6nnen Sie den Cookie-Speicher Ihres Browsers auch mit folgenden Tools verwalten<\/p>\n<ul>\n<li>Ghostery:\u00a0<a href=\"https:\/\/web.archive.org\/web\/20210928140650\/http:\/\/www.ghostery.com\/\">www.ghostery.com\/<\/a><\/li>\n<li>Ihre Online-Auswahl:\u00a0<a href=\"https:\/\/web.archive.org\/web\/20210928140650\/http:\/\/www.youronlinechoices.com\/es\/\">www.youronlinechoices.com\/es\/<\/a><\/li>\n<\/ul>\n<div><br \/><br \/><\/div>\n<p><strong>Welche Cookies verwenden wir auf unserer Website?<\/strong><\/p>\n<p>Die Cookies, die im Folgenden verwendet werden, sind wie folgt gekennzeichnet\u00a0<a href=\"https:\/\/web.archive.org\/web\/20210928140650\/http:\/\/www.ginecenter.com\/\">www.ginecenter.com<\/a><\/p>\n<table>\n<tbody>\n<tr>\n<td>\n<p>Cookie-Name<\/p>\n<\/td>\n<td>\n<p>Typ<\/p>\n<\/td>\n<td>\n<p>Subtyp<\/p>\n<\/td>\n<td>\n<p>Halterung<\/p>\n<\/td>\n<td>\n<p>Zweck<\/p>\n<\/td>\n<td>\n<p>Dauer<\/p>\n<\/td>\n<\/tr>\n<tr>\n<td>\n<p>\u00a0_ga<\/p>\n<\/td>\n<td>\n<p>\u00a0Analytik<\/p>\n<\/td>\n<td>\n<p>\u00a0Dritte Parteien<\/p>\n<\/td>\n<td>\n<p>\u00a0Google<\/p>\n<\/td>\n<td>\n<p>\u00a0Besucher-, Sitzungs- und Kampagnendaten sowie zur Verfolgung der Nutzung der Website f\u00fcr die Erstellung von Berichten zur Website-Analyse. Die Cookies speichern Informationen in anonymer Form und weisen eine zuf\u00e4llig generierte Nummer zu<\/p>\n<\/td>\n<td>\n<p>\u00a02 Jahre<\/p>\n<\/td>\n<\/tr>\n<tr>\n<td>\n<p>\u00a0_gid<\/p>\n<\/td>\n<td>\n<p>\u00a0Analytik<\/p>\n<\/td>\n<td>\n<p>\u00a0Dritte Parteien<\/p>\n<\/td>\n<td>\n<p>\u00a0Google<\/p>\n<\/td>\n<td>\n<p>\u00a0Besucher-, Sitzungs- und Kampagnendaten sowie zur Verfolgung der Nutzung der Website f\u00fcr die Erstellung von Berichten zur Website-Analyse. Die Cookies speichern Informationen in anonymer Form und weisen eine zuf\u00e4llig generierte Nummer zu<\/p>\n<\/td>\n<td>\n<p>\u00a01 Tag<\/p>\n<\/td>\n<\/tr>\n<tr>\n<td>\n<p>\u00a0eae8419bcd35ea 6192d57e387f259ea7<\/p>\n<\/td>\n<td>\n<p>\u00a0Eine weitere<\/p>\n<\/td>\n<td>\u00a0<\/td>\n<td>\u00a0<\/td>\n<td>\u00a0<\/td>\n<td>\n<p>\u00a0Sitzung<\/p>\n<\/td>\n<\/tr>\n<tr>\n<td>\n<p>_gat_gtag_UA_32501786_1<\/p>\n<\/td>\n<td>\n<p>Eine weitere<\/p>\n<\/td>\n<td>\u00a0<\/td>\n<td>\u00a0<\/td>\n<td>\u00a0<\/td>\n<td>\n<p>1 Minute\u00a0<\/p>\n<\/td>\n<\/tr>\n<\/tbody>\n<\/table>\n<h3><strong>\u00a0<\/strong><\/h3>\n<h3><strong>Akzeptanz der Cookie-Richtlinie<\/strong><strong>\u00a0<\/strong><\/h3>\n<p>2004 Ginecenter, S.L geht davon aus, dass Sie die Verwendung von Cookies akzeptieren. Allerdings werden die Informationen \u00fcber die Cookie-Richtlinie bei jeder Anmeldung unten oder oben auf einer Seite des Portals angezeigt, so dass Sie sich dessen bewusst sind.<\/p>\n<p>Angesichts dieser Informationen sind die folgenden Aktionen m\u00f6glich:<\/p>\n<ul>\n<li>Akzeptieren Sie Cookies: Dieser Hinweis wird nicht mehr angezeigt, wenn Sie w\u00e4hrend der aktuellen Sitzung eine beliebige Seite des Portals aufrufen.<\/li>\n<li>Schlie\u00dfen: Der Hinweis ist auf dieser Seite ausgeblendet.<\/li>\n<li>\u00c4ndern Sie Ihre Einstellungen: Sie k\u00f6nnen mehr Informationen dar\u00fcber erhalten, was Cookies sind, die Cookies-Politik von 2004 Ginecenter, S.L. kennen und die Einstellungen Ihres Browsers \u00e4ndern.<\/li>\n<li>\u00a0<\/li>\n<\/ul>\n<p>Weitere Informationen zum Datenschutz finden Sie unter\u00a0<a href=\"https:\/\/web.archive.org\/web\/20210928140650\/https:\/\/ginecenter.com\/aviso-legal.html\">Datenschutzbestimmungen<\/a>.<\/p>\n<p><\/p>\t\t\t\t\t\t\t\t<\/div>\n\t\t\t\t<\/div>\n\t\t\t\t\t<\/div>\n\t\t<\/div>\n\t\t\t\t\t<\/div>\n\t\t<\/section>\n\t\t\t\t<\/div>","protected":false},"excerpt":{"rendered":"<p>2004 Ginecenter, S.L. informa acerca del uso de las cookies en su p\u00e1gina web www.ginecenter.com\u00a0\u00a0 \u00a0 \u00bfQu\u00e9 son las cookies? Las cookies son archivos que se pueden descargar en su equipo a trav\u00e9s de las p\u00e1ginas web. Son herramientas que tienen un papel esencial para la prestaci\u00f3n de numerosos servicios de la sociedad de la [&hellip;]<\/p>\n","protected":false},"author":1,"featured_media":0,"parent":0,"menu_order":0,"comment_status":"closed","ping_status":"closed","template":"","meta":{"footnotes":""},"class_list":["post-1164","page","type-page","status-publish","hentry"],"yoast_head":"<!-- This site is optimized with the Yoast SEO plugin v27.3 - https:\/\/yoast.com\/product\/yoast-seo-wordpress\/ -->\n<title>Pol\u00edtica de cookies - Ginecenter<\/title>\n<meta name=\"robots\" content=\"index, follow, max-snippet:-1, max-image-preview:large, max-video-preview:-1\" \/>\n<link rel=\"canonical\" href=\"https:\/\/ginecenter.com\/de\/cookie-richtlinie\/\" \/>\n<meta property=\"og:locale\" content=\"de_DE\" \/>\n<meta property=\"og:type\" content=\"article\" \/>\n<meta property=\"og:title\" content=\"Pol\u00edtica de cookies - Ginecenter\" \/>\n<meta property=\"og:description\" content=\"2004 Ginecenter, S.L. informa acerca del uso de las cookies en su p\u00e1gina web www.ginecenter.com\u00a0\u00a0 \u00a0 \u00bfQu\u00e9 son las cookies? Las cookies son archivos que se pueden descargar en su equipo a trav\u00e9s de las p\u00e1ginas web. Son herramientas que tienen un papel esencial para la prestaci\u00f3n de numerosos servicios de la sociedad de la [&hellip;]\" \/>\n<meta property=\"og:url\" content=\"https:\/\/ginecenter.com\/de\/cookie-richtlinie\/\" \/>\n<meta property=\"og:site_name\" content=\"Ginecenter\" \/>\n<meta property=\"article:modified_time\" content=\"2025-05-14T11:45:10+00:00\" \/>\n<meta name=\"twitter:card\" content=\"summary_large_image\" \/>\n<meta name=\"twitter:label1\" content=\"Gesch\u00e4tzte Lesezeit\" \/>\n\t<meta name=\"twitter:data1\" content=\"6\u00a0Minuten\" \/>\n<script type=\"application\/ld+json\" class=\"yoast-schema-graph\">{\"@context\":\"https:\\\/\\\/schema.org\",\"@graph\":[{\"@type\":\"WebPage\",\"@id\":\"https:\\\/\\\/ginecenter.com\\\/politica-de-cookies\\\/\",\"url\":\"https:\\\/\\\/ginecenter.com\\\/politica-de-cookies\\\/\",\"name\":\"Pol\u00edtica de cookies - Ginecenter\",\"isPartOf\":{\"@id\":\"https:\\\/\\\/ginecenter.com\\\/#website\"},\"datePublished\":\"2022-08-28T17:51:19+00:00\",\"dateModified\":\"2025-05-14T11:45:10+00:00\",\"breadcrumb\":{\"@id\":\"https:\\\/\\\/ginecenter.com\\\/politica-de-cookies\\\/#breadcrumb\"},\"inLanguage\":\"de\",\"potentialAction\":[{\"@type\":\"ReadAction\",\"target\":[\"https:\\\/\\\/ginecenter.com\\\/politica-de-cookies\\\/\"]}]},{\"@type\":\"BreadcrumbList\",\"@id\":\"https:\\\/\\\/ginecenter.com\\\/politica-de-cookies\\\/#breadcrumb\",\"itemListElement\":[{\"@type\":\"ListItem\",\"position\":1,\"name\":\"Portada\",\"item\":\"https:\\\/\\\/ginecenter.com\\\/\"},{\"@type\":\"ListItem\",\"position\":2,\"name\":\"Pol\u00edtica de cookies\"}]},{\"@type\":\"WebSite\",\"@id\":\"https:\\\/\\\/ginecenter.com\\\/#website\",\"url\":\"https:\\\/\\\/ginecenter.com\\\/\",\"name\":\"Ginecenter\",\"description\":\"Otro sitio realizado con WordPress\",\"publisher\":{\"@id\":\"https:\\\/\\\/ginecenter.com\\\/#organization\"},\"potentialAction\":[{\"@type\":\"SearchAction\",\"target\":{\"@type\":\"EntryPoint\",\"urlTemplate\":\"https:\\\/\\\/ginecenter.com\\\/?s={search_term_string}\"},\"query-input\":{\"@type\":\"PropertyValueSpecification\",\"valueRequired\":true,\"valueName\":\"search_term_string\"}}],\"inLanguage\":\"de\"},{\"@type\":\"Organization\",\"@id\":\"https:\\\/\\\/ginecenter.com\\\/#organization\",\"name\":\"Ginecenter\",\"url\":\"https:\\\/\\\/ginecenter.com\\\/\",\"logo\":{\"@type\":\"ImageObject\",\"inLanguage\":\"de\",\"@id\":\"https:\\\/\\\/ginecenter.com\\\/#\\\/schema\\\/logo\\\/image\\\/\",\"url\":\"https:\\\/\\\/ginecenter.com\\\/wp-content\\\/uploads\\\/2022\\\/07\\\/logo_blanco.svg\",\"contentUrl\":\"https:\\\/\\\/ginecenter.com\\\/wp-content\\\/uploads\\\/2022\\\/07\\\/logo_blanco.svg\",\"width\":294,\"height\":70,\"caption\":\"Ginecenter\"},\"image\":{\"@id\":\"https:\\\/\\\/ginecenter.com\\\/#\\\/schema\\\/logo\\\/image\\\/\"}}]}<\/script>\n<!-- \/ Yoast SEO plugin. -->","yoast_head_json":{"title":"Cookies-Richtlinie - Ginecenter","robots":{"index":"index","follow":"follow","max-snippet":"max-snippet:-1","max-image-preview":"max-image-preview:large","max-video-preview":"max-video-preview:-1"},"canonical":"https:\/\/ginecenter.com\/de\/cookie-richtlinie\/","og_locale":"de_DE","og_type":"article","og_title":"Pol\u00edtica de cookies - Ginecenter","og_description":"2004 Ginecenter, S.L. informa acerca del uso de las cookies en su p\u00e1gina web www.ginecenter.com\u00a0\u00a0 \u00a0 \u00bfQu\u00e9 son las cookies? Las cookies son archivos que se pueden descargar en su equipo a trav\u00e9s de las p\u00e1ginas web. Son herramientas que tienen un papel esencial para la prestaci\u00f3n de numerosos servicios de la sociedad de la [&hellip;]","og_url":"https:\/\/ginecenter.com\/de\/cookie-richtlinie\/","og_site_name":"Ginecenter","article_modified_time":"2025-05-14T11:45:10+00:00","twitter_card":"summary_large_image","twitter_misc":{"Gesch\u00e4tzte Lesezeit":"6\u00a0Minuten"},"schema":{"@context":"https:\/\/schema.org","@graph":[{"@type":"WebPage","@id":"https:\/\/ginecenter.com\/politica-de-cookies\/","url":"https:\/\/ginecenter.com\/politica-de-cookies\/","name":"Cookies-Richtlinie - Ginecenter","isPartOf":{"@id":"https:\/\/ginecenter.com\/#website"},"datePublished":"2022-08-28T17:51:19+00:00","dateModified":"2025-05-14T11:45:10+00:00","breadcrumb":{"@id":"https:\/\/ginecenter.com\/politica-de-cookies\/#breadcrumb"},"inLanguage":"de","potentialAction":[{"@type":"ReadAction","target":["https:\/\/ginecenter.com\/politica-de-cookies\/"]}]},{"@type":"BreadcrumbList","@id":"https:\/\/ginecenter.com\/politica-de-cookies\/#breadcrumb","itemListElement":[{"@type":"ListItem","position":1,"name":"Portada","item":"https:\/\/ginecenter.com\/"},{"@type":"ListItem","position":2,"name":"Pol\u00edtica de cookies"}]},{"@type":"WebSite","@id":"https:\/\/ginecenter.com\/#website","url":"https:\/\/ginecenter.com\/","name":"Ginecenter","description":"Eine andere WordPress-Seite","publisher":{"@id":"https:\/\/ginecenter.com\/#organization"},"potentialAction":[{"@type":"SearchAction","target":{"@type":"EntryPoint","urlTemplate":"https:\/\/ginecenter.com\/?s={search_term_string}"},"query-input":{"@type":"PropertyValueSpecification","valueRequired":true,"valueName":"search_term_string"}}],"inLanguage":"de"},{"@type":"Organization","@id":"https:\/\/ginecenter.com\/#organization","name":"Ginecenter","url":"https:\/\/ginecenter.com\/","logo":{"@type":"ImageObject","inLanguage":"de","@id":"https:\/\/ginecenter.com\/#\/schema\/logo\/image\/","url":"https:\/\/ginecenter.com\/wp-content\/uploads\/2022\/07\/logo_blanco.svg","contentUrl":"https:\/\/ginecenter.com\/wp-content\/uploads\/2022\/07\/logo_blanco.svg","width":294,"height":70,"caption":"Ginecenter"},"image":{"@id":"https:\/\/ginecenter.com\/#\/schema\/logo\/image\/"}}]}},"_links":{"self":[{"href":"https:\/\/ginecenter.com\/de\/wp-json\/wp\/v2\/pages\/1164","targetHints":{"allow":["GET"]}}],"collection":[{"href":"https:\/\/ginecenter.com\/de\/wp-json\/wp\/v2\/pages"}],"about":[{"href":"https:\/\/ginecenter.com\/de\/wp-json\/wp\/v2\/types\/page"}],"author":[{"embeddable":true,"href":"https:\/\/ginecenter.com\/de\/wp-json\/wp\/v2\/users\/1"}],"replies":[{"embeddable":true,"href":"https:\/\/ginecenter.com\/de\/wp-json\/wp\/v2\/comments?post=1164"}],"version-history":[{"count":10,"href":"https:\/\/ginecenter.com\/de\/wp-json\/wp\/v2\/pages\/1164\/revisions"}],"predecessor-version":[{"id":1431,"href":"https:\/\/ginecenter.com\/de\/wp-json\/wp\/v2\/pages\/1164\/revisions\/1431"}],"wp:attachment":[{"href":"https:\/\/ginecenter.com\/de\/wp-json\/wp\/v2\/media?parent=1164"}],"curies":[{"name":"wp","href":"https:\/\/api.w.org\/{rel}","templated":true}]}}