{"id":1275,"date":"2023-04-17T20:03:11","date_gmt":"2023-04-17T20:03:11","guid":{"rendered":"https:\/\/ginecenter.com\/?page_id=1275"},"modified":"2025-05-14T11:49:17","modified_gmt":"2025-05-14T11:49:17","slug":"menopause","status":"publish","type":"page","link":"https:\/\/ginecenter.com\/de\/menopausia\/","title":{"rendered":"Menopause"},"content":{"rendered":"<div data-elementor-type=\"wp-page\" data-elementor-id=\"1275\" class=\"elementor elementor-1275\" data-elementor-post-type=\"page\">\n\t\t\t\t\t\t<section class=\"elementor-section elementor-top-section elementor-element elementor-element-6aafd678 elementor-section-content-middle elementor-reverse-mobile elementor-section-height-min-height elementor-section-boxed elementor-section-height-default elementor-section-items-middle\" data-id=\"6aafd678\" data-element_type=\"section\" data-e-type=\"section\" data-settings=\"{&quot;background_background&quot;:&quot;classic&quot;}\">\n\t\t\t\t\t\t\t<div class=\"elementor-background-overlay\"><\/div>\n\t\t\t\t\t\t\t<div class=\"elementor-container elementor-column-gap-default\">\n\t\t\t\t\t<div class=\"elementor-column elementor-col-50 elementor-top-column elementor-element elementor-element-1ddf2947\" data-id=\"1ddf2947\" data-element_type=\"column\" data-e-type=\"column\">\n\t\t\t<div class=\"elementor-widget-wrap elementor-element-populated\">\n\t\t\t\t\t\t<div class=\"elementor-element elementor-element-45a972a3 elementor-invisible elementor-widget elementor-widget-heading\" data-id=\"45a972a3\" data-element_type=\"widget\" data-e-type=\"widget\" data-settings=\"{&quot;_animation&quot;:&quot;fadeInLeft&quot;}\" data-widget_type=\"heading.default\">\n\t\t\t\t<div class=\"elementor-widget-container\">\n\t\t\t\t\t<h1 class=\"elementor-heading-title elementor-size-xxl\">Menopause<\/h1>\t\t\t\t<\/div>\n\t\t\t\t<\/div>\n\t\t\t\t\t<\/div>\n\t\t<\/div>\n\t\t\t\t<div class=\"elementor-column elementor-col-50 elementor-top-column elementor-element elementor-element-366f2b24\" data-id=\"366f2b24\" data-element_type=\"column\" data-e-type=\"column\" data-settings=\"{&quot;background_background&quot;:&quot;classic&quot;}\">\n\t\t\t<div class=\"elementor-widget-wrap\">\n\t\t\t\t\t\t\t<\/div>\n\t\t<\/div>\n\t\t\t\t\t<\/div>\n\t\t<\/section>\n\t\t\t\t<section class=\"elementor-section elementor-top-section elementor-element elementor-element-d3d0e1e elementor-section-boxed elementor-section-height-default elementor-section-height-default\" data-id=\"d3d0e1e\" data-element_type=\"section\" data-e-type=\"section\">\n\t\t\t\t\t\t<div class=\"elementor-container elementor-column-gap-default\">\n\t\t\t\t\t<div class=\"elementor-column elementor-col-100 elementor-top-column elementor-element elementor-element-a6f0816\" data-id=\"a6f0816\" data-element_type=\"column\" data-e-type=\"column\">\n\t\t\t<div class=\"elementor-widget-wrap elementor-element-populated\">\n\t\t\t\t\t\t<div class=\"elementor-element elementor-element-cabde97 elementor-invisible elementor-widget elementor-widget-heading\" data-id=\"cabde97\" data-element_type=\"widget\" data-e-type=\"widget\" data-settings=\"{&quot;_animation&quot;:&quot;fadeIn&quot;,&quot;_animation_delay&quot;:400}\" data-widget_type=\"heading.default\">\n\t\t\t\t<div class=\"elementor-widget-container\">\n\t\t\t\t\t<h2 class=\"elementor-heading-title elementor-size-default\">Klimakterium und Menopause<\/h2>\t\t\t\t<\/div>\n\t\t\t\t<\/div>\n\t\t\t\t<div class=\"elementor-element elementor-element-cb62716 elementor-widget__width-auto elementor-invisible elementor-widget elementor-widget-text-editor\" data-id=\"cb62716\" data-element_type=\"widget\" data-e-type=\"widget\" data-settings=\"{&quot;_animation&quot;:&quot;fadeIn&quot;,&quot;_animation_delay&quot;:600}\" data-widget_type=\"text-editor.default\">\n\t\t\t\t<div class=\"elementor-widget-container\">\n\t\t\t\t\t\t\t\t\t<p>Im Ginecenter ist unser Gyn\u00e4kologe auf das Klimakterium und die Wechseljahre spezialisiert, <a href=\"https:\/\/laserginecologico.es\/blog\/laser-ginecologico-en-el-tratamiento-de-la-incontinencia-urinaria-de-esfuerzo\/\">Dr. Madriz<\/a>ber\u00e4t Sie \u00fcber die verschiedenen Behandlungsm\u00f6glichkeiten zur Bek\u00e4mpfung der Beschwerden, die durch die Wechseljahre verursacht werden, und passt sie an den individuellen Zustand jedes Patienten an.<\/p>\t\t\t\t\t\t\t\t<\/div>\n\t\t\t\t<\/div>\n\t\t\t\t<div class=\"elementor-element elementor-element-8a51bbc elementor-widget__width-auto elementor-invisible elementor-widget elementor-widget-text-editor\" data-id=\"8a51bbc\" data-element_type=\"widget\" data-e-type=\"widget\" data-settings=\"{&quot;_animation&quot;:&quot;fadeIn&quot;,&quot;_animation_delay&quot;:600}\" data-widget_type=\"text-editor.default\">\n\t\t\t\t<div class=\"elementor-widget-container\">\n\t\t\t\t\t\t\t\t\t<p>Das Klimakterium ist die Lebensphase, die die \u00dcbergangsjahre zwischen der reproduktiven und der nicht-reproduktiven Phase umfasst.<\/p><p>Die Menopause wird als letzte Regelblutung bezeichnet (ein Begriff, der oft mit dem Klimakterium verwechselt wird) und tritt in der Regel um das 50. Lebensjahr auf, obwohl sie in einigen F\u00e4llen bereits vor dem 40. Lebensjahr (fr\u00fche Menopause) oder umgekehrt ab dem 55.<\/p>\t\t\t\t\t\t\t\t<\/div>\n\t\t\t\t<\/div>\n\t\t\t\t<div class=\"elementor-element elementor-element-3f5a6af elementor-widget elementor-widget-image\" data-id=\"3f5a6af\" data-element_type=\"widget\" data-e-type=\"widget\" data-widget_type=\"image.default\">\n\t\t\t\t<div class=\"elementor-widget-container\">\n\t\t\t\t\t\t\t\t\t\t\t\t\t\t\t<img fetchpriority=\"high\" decoding=\"async\" width=\"1400\" height=\"933\" src=\"https:\/\/ginecenter.com\/wp-content\/uploads\/2022\/07\/depositphotos_36647475_xl1400px_px.jpg\" class=\"attachment-full size-full wp-image-546\" alt=\"\" srcset=\"https:\/\/ginecenter.com\/wp-content\/uploads\/2022\/07\/depositphotos_36647475_xl1400px_px.jpg 1400w, https:\/\/ginecenter.com\/wp-content\/uploads\/2022\/07\/depositphotos_36647475_xl1400px_px-300x200.jpg 300w, https:\/\/ginecenter.com\/wp-content\/uploads\/2022\/07\/depositphotos_36647475_xl1400px_px-1024x682.jpg 1024w, https:\/\/ginecenter.com\/wp-content\/uploads\/2022\/07\/depositphotos_36647475_xl1400px_px-768x512.jpg 768w\" sizes=\"(max-width: 1400px) 100vw, 1400px\" \/>\t\t\t\t\t\t\t\t\t\t\t\t\t\t\t<\/div>\n\t\t\t\t<\/div>\n\t\t\t\t<div class=\"elementor-element elementor-element-364fa4f elementor-widget__width-auto elementor-invisible elementor-widget elementor-widget-text-editor\" data-id=\"364fa4f\" data-element_type=\"widget\" data-e-type=\"widget\" data-settings=\"{&quot;_animation&quot;:&quot;fadeIn&quot;,&quot;_animation_delay&quot;:600}\" data-widget_type=\"text-editor.default\">\n\t\t\t\t<div class=\"elementor-widget-container\">\n\t\t\t\t\t\t\t\t\t<p>Eine aktuelle Studie zeigt, dass die Lebenserwartung von Frauen in Spanien dank der verbesserten Lebensbedingungen und der st\u00e4ndigen Verbesserung der Qualit\u00e4t der Gesundheitssysteme in den entwickelten Gesellschaften bei 86 Jahren liegt.<br \/>Wenn die Menopause eintritt, hat eine Frau noch ein Drittel ihres Lebens vor sich. In dieser neuen Phase h\u00f6ren die Menstruation und die Symptome, die sie begleiten k\u00f6nnen, auf, die Verwendung einer Verh\u00fctungsmethode ist nicht mehr notwendig und es ist m\u00f6glich, Sexualit\u00e4t ohne die Angst vor einer ungeplanten Schwangerschaft zu erleben. Die Unabh\u00e4ngigkeit der Kinder, die berufliche Erf\u00fcllung und die gesammelten Erfahrungen k\u00f6nnen diese Phase zu einer Gelegenheit machen, mehr freie Zeit f\u00fcr sich selbst zu genie\u00dfen und sich W\u00fcnsche zu erf\u00fcllen, die aufgeschoben wurden.\u00a0<\/p><p><strong>Es ist Zeit f\u00fcr neue Herausforderungen.<\/strong><\/p><p>Um in diesem Stadium eine gute oder akzeptable Lebensqualit\u00e4t zu erhalten, ist es wichtig, die Grunds\u00e4tze einer gesunden Lebensweise und die Errungenschaften und Fortschritte der Medizin zu kennen (die jeder in der Arztpraxis oder im Gesundheitszentrum erhalten kann), um zu lernen, mit den Ver\u00e4nderungen in K\u00f6rper und Geist, die mit zunehmendem Alter allm\u00e4hlich auftreten, nat\u00fcrlich und positiv zu leben.<\/p>\t\t\t\t\t\t\t\t<\/div>\n\t\t\t\t<\/div>\n\t\t\t\t<div class=\"elementor-element elementor-element-410ffd6 elementor-invisible elementor-widget elementor-widget-heading\" data-id=\"410ffd6\" data-element_type=\"widget\" data-e-type=\"widget\" data-settings=\"{&quot;_animation&quot;:&quot;fadeIn&quot;,&quot;_animation_delay&quot;:400}\" data-widget_type=\"heading.default\">\n\t\t\t\t<div class=\"elementor-widget-container\">\n\t\t\t\t\t<h2 class=\"elementor-heading-title elementor-size-default\">Symptomatologie<\/h2>\t\t\t\t<\/div>\n\t\t\t\t<\/div>\n\t\t\t\t<div class=\"elementor-element elementor-element-16f6e70 elementor-widget__width-auto elementor-invisible elementor-widget elementor-widget-text-editor\" data-id=\"16f6e70\" data-element_type=\"widget\" data-e-type=\"widget\" data-settings=\"{&quot;_animation&quot;:&quot;fadeIn&quot;,&quot;_animation_delay&quot;:600}\" data-widget_type=\"text-editor.default\">\n\t\t\t\t<div class=\"elementor-widget-container\">\n\t\t\t\t\t\t\t\t\t<p>In dieser Phase treten hormonelle Ver\u00e4nderungen auf, insbesondere der allm\u00e4hliche R\u00fcckgang des \u00d6strogenspiegels, der sich auf verschiedenen Ebenen negativ auswirkt: auf die Genitalien, das Harnsystem, die Knochen, das Herz-Kreislauf-System und sogar auf den emotionalen und kognitiven Bereich.<\/p><p>Abgesehen von Unregelm\u00e4\u00dfigkeiten des Menstruationszyklus und der endg\u00fcltigen Amenorrhoe (Menopause) gibt es vor allem drei Symptome:<\/p>\t\t\t\t\t\t\t\t<\/div>\n\t\t\t\t<\/div>\n\t\t\t\t<div class=\"elementor-element elementor-element-d74b227 elementor-widget__width-auto elementor-invisible elementor-widget elementor-widget-text-editor\" data-id=\"d74b227\" data-element_type=\"widget\" data-e-type=\"widget\" data-settings=\"{&quot;_animation&quot;:&quot;fadeIn&quot;,&quot;_animation_delay&quot;:600}\" data-widget_type=\"text-editor.default\">\n\t\t\t\t<div class=\"elementor-widget-container\">\n\t\t\t\t\t\t\t\t\t<h4><strong>Vasomotorische St\u00f6rungen<\/strong><\/h4><p>Vor allem Hitzewallungen und Schwei\u00dfausbr\u00fcche. Sie sind auf eine Dysregulation des Thermoregulationszentrums zur\u00fcckzuf\u00fchren und treten mit unterschiedlicher H\u00e4ufigkeit tags\u00fcber und nachts auf, was zu Schlaflosigkeit und M\u00fcdigkeit f\u00fchrt.<\/p><h4><strong>Atrophie oder urogenitales Syndrom<\/strong><\/h4><p>Es kommt zu Ver\u00e4nderungen in der Vulva, der Vagina und dem unteren Harntrakt (Blase und Harnr\u00f6hre):<\/p><ul><li><strong>Trockenheit, Brennen, Juckreiz,\u00a0<\/strong>Ausd\u00fcnnung der Vaginalw\u00e4nde (und l\u00e4ngerfristig Verengung der Vagina), was zu Dyspareunie (Schmerzen beim Eindringen) f\u00fchren kann.<\/li><li><strong>Auslaufender Urin\u00a0<\/strong>aufgrund einer Schw\u00e4chung des Beckenbodens, sowohl bei Anstrengung als auch im Notfall.<\/li><\/ul><h4><strong>Osteoporose<\/strong><\/h4><p>Der R\u00fcckgang der Knochenmasse ist sowohl bei M\u00e4nnern als auch bei Frauen mit dem Alter verbunden. Bei Frauen f\u00fchrt der R\u00fcckgang des \u00d6strogens jedoch zu einem signifikanten Anstieg der H\u00e4ufigkeit von Knochenschwund.\u00a0<strong>Osteoporose<\/strong>\u00a0im Verh\u00e4ltnis zueinander, was ein erh\u00f6htes Risiko f\u00fcr osteoporotische Frakturen (H\u00fcfte, Wirbel, Unterarm usw.) mit sich bringt.<\/p><p>Abgesehen von Unregelm\u00e4\u00dfigkeiten des Menstruationszyklus und der endg\u00fcltigen Amenorrhoe (Menopause) gibt es vor allem drei Symptome:<\/p>\t\t\t\t\t\t\t\t<\/div>\n\t\t\t\t<\/div>\n\t\t\t\t<div class=\"elementor-element elementor-element-046122e elementor-invisible elementor-widget elementor-widget-heading\" data-id=\"046122e\" data-element_type=\"widget\" data-e-type=\"widget\" data-settings=\"{&quot;_animation&quot;:&quot;fadeIn&quot;,&quot;_animation_delay&quot;:400}\" data-widget_type=\"heading.default\">\n\t\t\t\t<div class=\"elementor-widget-container\">\n\t\t\t\t\t<h2 class=\"elementor-heading-title elementor-size-default\">Behandlung des Klimakteriums (\"Menopause\")\n<\/h2>\t\t\t\t<\/div>\n\t\t\t\t<\/div>\n\t\t\t\t<div class=\"elementor-element elementor-element-b4cb005 elementor-widget__width-auto elementor-invisible elementor-widget elementor-widget-text-editor\" data-id=\"b4cb005\" data-element_type=\"widget\" data-e-type=\"widget\" data-settings=\"{&quot;_animation&quot;:&quot;fadeIn&quot;,&quot;_animation_delay&quot;:600}\" data-widget_type=\"text-editor.default\">\n\t\t\t\t<div class=\"elementor-widget-container\">\n\t\t\t\t\t\t\t\t\t\nDas passive Verhalten, das die medizinische Praxis in der Vergangenheit kennzeichnete und uns im Grunde zu blo\u00dfen Zuschauern von Ver\u00e4nderungen machte, die unaufhaltsam zu geschehen schienen, wurde durch einen umfassenden Ansatz ersetzt, der sich auf die Vorbeugung und Behandlung von Krankheiten konzentriert, die in diesem Stadium vermehrt auftreten. Krankheiten wie Osteoporose, Urogenitalsyndrom, Herz- und Blutgef\u00e4\u00dferkrankungen sowie Brustkrebs k\u00f6nnen verhindert oder fr\u00fchzeitig diagnostiziert werden, wodurch das Wohlbefinden der Frauen gew\u00e4hrleistet wird. \t\t\t\t\t\t\t\t<\/div>\n\t\t\t\t<\/div>\n\t\t\t\t<div class=\"elementor-element elementor-element-1edc047 elementor-widget__width-auto elementor-invisible elementor-widget elementor-widget-text-editor\" data-id=\"1edc047\" data-element_type=\"widget\" data-e-type=\"widget\" data-settings=\"{&quot;_animation&quot;:&quot;fadeIn&quot;,&quot;_animation_delay&quot;:600}\" data-widget_type=\"text-editor.default\">\n\t\t\t\t<div class=\"elementor-widget-container\">\n\t\t\t\t\t\t\t\t\tTrotz der m\u00f6glichen Behandlungen ist es wichtig, eine Reihe allgemeiner Empfehlungen zu befolgen, wie z. B.: k\u00f6rperliche Bewegung (insbesondere Spazierengehen, Schwimmen und Tanzen), eine ausgewogene Ern\u00e4hrung (reich an Ballaststoffen, Kalzium und Vitamin D und A) und die sch\u00e4dlichen Auswirkungen des Rauchens und \u00fcberm\u00e4\u00dfigen Alkoholkonsums auf das k\u00f6rperliche und geistige Wohlbefinden.\t\t\t\t\t\t\t\t<\/div>\n\t\t\t\t<\/div>\n\t\t\t\t<div class=\"elementor-element elementor-element-681cd7b elementor-align-center elementor-widget elementor-widget-button\" data-id=\"681cd7b\" data-element_type=\"widget\" data-e-type=\"widget\" data-widget_type=\"button.default\">\n\t\t\t\t<div class=\"elementor-widget-container\">\n\t\t\t\t\t\t\t\t\t<div class=\"elementor-button-wrapper\">\n\t\t\t\t\t<a class=\"elementor-button elementor-button-link elementor-size-sm\" href=\"https:\/\/laserginecologico.es\/blog\/laser-ginecologico-en-el-tratamiento-de-la-incontinencia-urinaria-de-esfuerzo\/\">\n\t\t\t\t\t\t<span class=\"elementor-button-content-wrapper\">\n\t\t\t\t\t\t\t\t\t<span class=\"elementor-button-text\">Lesen Sie mehr in Laser-Gyn\u00e4kologie<\/span>\n\t\t\t\t\t<\/span>\n\t\t\t\t\t<\/a>\n\t\t\t\t<\/div>\n\t\t\t\t\t\t\t\t<\/div>\n\t\t\t\t<\/div>\n\t\t\t\t\t<\/div>\n\t\t<\/div>\n\t\t\t\t\t<\/div>\n\t\t<\/section>\n\t\t\t\t<\/div>","protected":false},"excerpt":{"rendered":"<p>Menopausia Climaterio y menopausia En Ginecenter, nuestra ginec\u00f3loga especialista en climaterio y menopausia, Dra. Madriz, le asesorar\u00e1 sobre las diferentes opciones de tratamientos para combatir el malestar originado por los s\u00edntomas de la menopausia, adapt\u00e1ndolos a la condici\u00f3n individual de cada paciente El climaterio es la fase de la vida que comprende los a\u00f1os de [&hellip;]<\/p>\n","protected":false},"author":1,"featured_media":0,"parent":0,"menu_order":0,"comment_status":"closed","ping_status":"closed","template":"","meta":{"footnotes":""},"class_list":["post-1275","page","type-page","status-publish","hentry"],"yoast_head":"<!-- This site is optimized with the Yoast SEO plugin v27.4 - https:\/\/yoast.com\/product\/yoast-seo-wordpress\/ -->\n<title>Menopausia - Ginecenter<\/title>\n<meta name=\"robots\" content=\"index, follow, max-snippet:-1, max-image-preview:large, max-video-preview:-1\" \/>\n<link rel=\"canonical\" href=\"https:\/\/ginecenter.com\/de\/menopause\/\" \/>\n<meta property=\"og:locale\" content=\"de_DE\" \/>\n<meta property=\"og:type\" content=\"article\" \/>\n<meta property=\"og:title\" content=\"Menopausia - Ginecenter\" \/>\n<meta property=\"og:description\" content=\"Menopausia Climaterio y menopausia En Ginecenter, nuestra ginec\u00f3loga especialista en climaterio y menopausia, Dra. Madriz, le asesorar\u00e1 sobre las diferentes opciones de tratamientos para combatir el malestar originado por los s\u00edntomas de la menopausia, adapt\u00e1ndolos a la condici\u00f3n individual de cada paciente El climaterio es la fase de la vida que comprende los a\u00f1os de [&hellip;]\" \/>\n<meta property=\"og:url\" content=\"https:\/\/ginecenter.com\/de\/menopause\/\" \/>\n<meta property=\"og:site_name\" content=\"Ginecenter\" \/>\n<meta property=\"article:modified_time\" content=\"2025-05-14T11:49:17+00:00\" \/>\n<meta property=\"og:image\" content=\"https:\/\/ginecenter.com\/wp-content\/uploads\/2022\/07\/depositphotos_36647475_xl1400px_px.jpg\" \/>\n\t<meta property=\"og:image:width\" content=\"1400\" \/>\n\t<meta property=\"og:image:height\" content=\"933\" \/>\n\t<meta property=\"og:image:type\" content=\"image\/jpeg\" \/>\n<meta name=\"twitter:card\" content=\"summary_large_image\" \/>\n<meta name=\"twitter:label1\" content=\"Gesch\u00e4tzte Lesezeit\" \/>\n\t<meta name=\"twitter:data1\" content=\"4\u00a0Minuten\" \/>\n<script type=\"application\/ld+json\" class=\"yoast-schema-graph\">{\"@context\":\"https:\\\/\\\/schema.org\",\"@graph\":[{\"@type\":\"WebPage\",\"@id\":\"https:\\\/\\\/ginecenter.com\\\/menopausia\\\/\",\"url\":\"https:\\\/\\\/ginecenter.com\\\/menopausia\\\/\",\"name\":\"Menopausia - Ginecenter\",\"isPartOf\":{\"@id\":\"https:\\\/\\\/ginecenter.com\\\/#website\"},\"primaryImageOfPage\":{\"@id\":\"https:\\\/\\\/ginecenter.com\\\/menopausia\\\/#primaryimage\"},\"image\":{\"@id\":\"https:\\\/\\\/ginecenter.com\\\/menopausia\\\/#primaryimage\"},\"thumbnailUrl\":\"https:\\\/\\\/ginecenter.com\\\/wp-content\\\/uploads\\\/2022\\\/07\\\/depositphotos_36647475_xl1400px_px.jpg\",\"datePublished\":\"2023-04-17T20:03:11+00:00\",\"dateModified\":\"2025-05-14T11:49:17+00:00\",\"breadcrumb\":{\"@id\":\"https:\\\/\\\/ginecenter.com\\\/menopausia\\\/#breadcrumb\"},\"inLanguage\":\"de\",\"potentialAction\":[{\"@type\":\"ReadAction\",\"target\":[\"https:\\\/\\\/ginecenter.com\\\/menopausia\\\/\"]}]},{\"@type\":\"ImageObject\",\"inLanguage\":\"de\",\"@id\":\"https:\\\/\\\/ginecenter.com\\\/menopausia\\\/#primaryimage\",\"url\":\"https:\\\/\\\/ginecenter.com\\\/wp-content\\\/uploads\\\/2022\\\/07\\\/depositphotos_36647475_xl1400px_px.jpg\",\"contentUrl\":\"https:\\\/\\\/ginecenter.com\\\/wp-content\\\/uploads\\\/2022\\\/07\\\/depositphotos_36647475_xl1400px_px.jpg\"},{\"@type\":\"BreadcrumbList\",\"@id\":\"https:\\\/\\\/ginecenter.com\\\/menopausia\\\/#breadcrumb\",\"itemListElement\":[{\"@type\":\"ListItem\",\"position\":1,\"name\":\"Portada\",\"item\":\"https:\\\/\\\/ginecenter.com\\\/\"},{\"@type\":\"ListItem\",\"position\":2,\"name\":\"Menopausia\"}]},{\"@type\":\"WebSite\",\"@id\":\"https:\\\/\\\/ginecenter.com\\\/#website\",\"url\":\"https:\\\/\\\/ginecenter.com\\\/\",\"name\":\"Ginecenter\",\"description\":\"Otro sitio realizado con WordPress\",\"publisher\":{\"@id\":\"https:\\\/\\\/ginecenter.com\\\/#organization\"},\"potentialAction\":[{\"@type\":\"SearchAction\",\"target\":{\"@type\":\"EntryPoint\",\"urlTemplate\":\"https:\\\/\\\/ginecenter.com\\\/?s={search_term_string}\"},\"query-input\":{\"@type\":\"PropertyValueSpecification\",\"valueRequired\":true,\"valueName\":\"search_term_string\"}}],\"inLanguage\":\"de\"},{\"@type\":\"Organization\",\"@id\":\"https:\\\/\\\/ginecenter.com\\\/#organization\",\"name\":\"Ginecenter\",\"url\":\"https:\\\/\\\/ginecenter.com\\\/\",\"logo\":{\"@type\":\"ImageObject\",\"inLanguage\":\"de\",\"@id\":\"https:\\\/\\\/ginecenter.com\\\/#\\\/schema\\\/logo\\\/image\\\/\",\"url\":\"https:\\\/\\\/ginecenter.com\\\/wp-content\\\/uploads\\\/2022\\\/07\\\/logo_blanco.svg\",\"contentUrl\":\"https:\\\/\\\/ginecenter.com\\\/wp-content\\\/uploads\\\/2022\\\/07\\\/logo_blanco.svg\",\"width\":294,\"height\":70,\"caption\":\"Ginecenter\"},\"image\":{\"@id\":\"https:\\\/\\\/ginecenter.com\\\/#\\\/schema\\\/logo\\\/image\\\/\"}}]}<\/script>\n<!-- \/ Yoast SEO plugin. -->","yoast_head_json":{"title":"Menopause - Ginecenter","robots":{"index":"index","follow":"follow","max-snippet":"max-snippet:-1","max-image-preview":"max-image-preview:large","max-video-preview":"max-video-preview:-1"},"canonical":"https:\/\/ginecenter.com\/de\/menopause\/","og_locale":"de_DE","og_type":"article","og_title":"Menopausia - Ginecenter","og_description":"Menopausia Climaterio y menopausia En Ginecenter, nuestra ginec\u00f3loga especialista en climaterio y menopausia, Dra. Madriz, le asesorar\u00e1 sobre las diferentes opciones de tratamientos para combatir el malestar originado por los s\u00edntomas de la menopausia, adapt\u00e1ndolos a la condici\u00f3n individual de cada paciente El climaterio es la fase de la vida que comprende los a\u00f1os de [&hellip;]","og_url":"https:\/\/ginecenter.com\/de\/menopause\/","og_site_name":"Ginecenter","article_modified_time":"2025-05-14T11:49:17+00:00","og_image":[{"width":1400,"height":933,"url":"https:\/\/ginecenter.com\/wp-content\/uploads\/2022\/07\/depositphotos_36647475_xl1400px_px.jpg","type":"image\/jpeg"}],"twitter_card":"summary_large_image","twitter_misc":{"Gesch\u00e4tzte Lesezeit":"4\u00a0Minuten"},"schema":{"@context":"https:\/\/schema.org","@graph":[{"@type":"WebPage","@id":"https:\/\/ginecenter.com\/menopausia\/","url":"https:\/\/ginecenter.com\/menopausia\/","name":"Menopause - Ginecenter","isPartOf":{"@id":"https:\/\/ginecenter.com\/#website"},"primaryImageOfPage":{"@id":"https:\/\/ginecenter.com\/menopausia\/#primaryimage"},"image":{"@id":"https:\/\/ginecenter.com\/menopausia\/#primaryimage"},"thumbnailUrl":"https:\/\/ginecenter.com\/wp-content\/uploads\/2022\/07\/depositphotos_36647475_xl1400px_px.jpg","datePublished":"2023-04-17T20:03:11+00:00","dateModified":"2025-05-14T11:49:17+00:00","breadcrumb":{"@id":"https:\/\/ginecenter.com\/menopausia\/#breadcrumb"},"inLanguage":"de","potentialAction":[{"@type":"ReadAction","target":["https:\/\/ginecenter.com\/menopausia\/"]}]},{"@type":"ImageObject","inLanguage":"de","@id":"https:\/\/ginecenter.com\/menopausia\/#primaryimage","url":"https:\/\/ginecenter.com\/wp-content\/uploads\/2022\/07\/depositphotos_36647475_xl1400px_px.jpg","contentUrl":"https:\/\/ginecenter.com\/wp-content\/uploads\/2022\/07\/depositphotos_36647475_xl1400px_px.jpg"},{"@type":"BreadcrumbList","@id":"https:\/\/ginecenter.com\/menopausia\/#breadcrumb","itemListElement":[{"@type":"ListItem","position":1,"name":"Portada","item":"https:\/\/ginecenter.com\/"},{"@type":"ListItem","position":2,"name":"Menopausia"}]},{"@type":"WebSite","@id":"https:\/\/ginecenter.com\/#website","url":"https:\/\/ginecenter.com\/","name":"Ginecenter","description":"Eine andere WordPress-Seite","publisher":{"@id":"https:\/\/ginecenter.com\/#organization"},"potentialAction":[{"@type":"SearchAction","target":{"@type":"EntryPoint","urlTemplate":"https:\/\/ginecenter.com\/?s={search_term_string}"},"query-input":{"@type":"PropertyValueSpecification","valueRequired":true,"valueName":"search_term_string"}}],"inLanguage":"de"},{"@type":"Organization","@id":"https:\/\/ginecenter.com\/#organization","name":"Ginecenter","url":"https:\/\/ginecenter.com\/","logo":{"@type":"ImageObject","inLanguage":"de","@id":"https:\/\/ginecenter.com\/#\/schema\/logo\/image\/","url":"https:\/\/ginecenter.com\/wp-content\/uploads\/2022\/07\/logo_blanco.svg","contentUrl":"https:\/\/ginecenter.com\/wp-content\/uploads\/2022\/07\/logo_blanco.svg","width":294,"height":70,"caption":"Ginecenter"},"image":{"@id":"https:\/\/ginecenter.com\/#\/schema\/logo\/image\/"}}]}},"_links":{"self":[{"href":"https:\/\/ginecenter.com\/de\/wp-json\/wp\/v2\/pages\/1275","targetHints":{"allow":["GET"]}}],"collection":[{"href":"https:\/\/ginecenter.com\/de\/wp-json\/wp\/v2\/pages"}],"about":[{"href":"https:\/\/ginecenter.com\/de\/wp-json\/wp\/v2\/types\/page"}],"author":[{"embeddable":true,"href":"https:\/\/ginecenter.com\/de\/wp-json\/wp\/v2\/users\/1"}],"replies":[{"embeddable":true,"href":"https:\/\/ginecenter.com\/de\/wp-json\/wp\/v2\/comments?post=1275"}],"version-history":[{"count":11,"href":"https:\/\/ginecenter.com\/de\/wp-json\/wp\/v2\/pages\/1275\/revisions"}],"predecessor-version":[{"id":1440,"href":"https:\/\/ginecenter.com\/de\/wp-json\/wp\/v2\/pages\/1275\/revisions\/1440"}],"wp:attachment":[{"href":"https:\/\/ginecenter.com\/de\/wp-json\/wp\/v2\/media?parent=1275"}],"curies":[{"name":"wp","href":"https:\/\/api.w.org\/{rel}","templated":true}]}}