{"id":445,"date":"2022-07-12T09:51:38","date_gmt":"2022-07-12T09:51:38","guid":{"rendered":"https:\/\/wp.ginecenter.com\/?page_id=445"},"modified":"2025-05-14T11:43:49","modified_gmt":"2025-05-14T11:43:49","slug":"regenerative-gynakologie","status":"publish","type":"page","link":"https:\/\/ginecenter.com\/de\/ginecologia-regenerativa\/","title":{"rendered":"Regenerative Gyn\u00e4kologie"},"content":{"rendered":"<div data-elementor-type=\"wp-page\" data-elementor-id=\"445\" class=\"elementor elementor-445\" data-elementor-post-type=\"page\">\n\t\t\t\t\t\t<section class=\"elementor-section elementor-top-section elementor-element elementor-element-6aafd678 elementor-section-content-middle elementor-reverse-mobile elementor-section-height-min-height elementor-section-boxed elementor-section-height-default elementor-section-items-middle\" data-id=\"6aafd678\" data-element_type=\"section\" data-e-type=\"section\" data-settings=\"{&quot;background_background&quot;:&quot;classic&quot;}\">\n\t\t\t\t\t\t\t<div class=\"elementor-background-overlay\"><\/div>\n\t\t\t\t\t\t\t<div class=\"elementor-container elementor-column-gap-default\">\n\t\t\t\t\t<div class=\"elementor-column elementor-col-50 elementor-top-column elementor-element elementor-element-1ddf2947\" data-id=\"1ddf2947\" data-element_type=\"column\" data-e-type=\"column\">\n\t\t\t<div class=\"elementor-widget-wrap elementor-element-populated\">\n\t\t\t\t\t\t<div class=\"elementor-element elementor-element-45a972a3 elementor-invisible elementor-widget elementor-widget-heading\" data-id=\"45a972a3\" data-element_type=\"widget\" data-e-type=\"widget\" data-settings=\"{&quot;_animation&quot;:&quot;fadeInLeft&quot;}\" data-widget_type=\"heading.default\">\n\t\t\t\t<div class=\"elementor-widget-container\">\n\t\t\t\t\t<h1 class=\"elementor-heading-title elementor-size-xl\">Regenerative Gyn\u00e4kologie<\/h1>\t\t\t\t<\/div>\n\t\t\t\t<\/div>\n\t\t\t\t\t<\/div>\n\t\t<\/div>\n\t\t\t\t<div class=\"elementor-column elementor-col-50 elementor-top-column elementor-element elementor-element-366f2b24\" data-id=\"366f2b24\" data-element_type=\"column\" data-e-type=\"column\" data-settings=\"{&quot;background_background&quot;:&quot;classic&quot;}\">\n\t\t\t<div class=\"elementor-widget-wrap\">\n\t\t\t\t\t\t\t<\/div>\n\t\t<\/div>\n\t\t\t\t\t<\/div>\n\t\t<\/section>\n\t\t\t\t<section class=\"elementor-section elementor-top-section elementor-element elementor-element-217d1d7 elementor-section-boxed elementor-section-height-default elementor-section-height-default\" data-id=\"217d1d7\" data-element_type=\"section\" data-e-type=\"section\">\n\t\t\t\t\t\t<div class=\"elementor-container elementor-column-gap-default\">\n\t\t\t\t\t<div class=\"elementor-column elementor-col-100 elementor-top-column elementor-element elementor-element-85048fc\" data-id=\"85048fc\" data-element_type=\"column\" data-e-type=\"column\">\n\t\t\t<div class=\"elementor-widget-wrap elementor-element-populated\">\n\t\t\t\t\t\t<div class=\"elementor-element elementor-element-65d1df8 elementor-invisible elementor-widget elementor-widget-heading\" data-id=\"65d1df8\" data-element_type=\"widget\" data-e-type=\"widget\" data-settings=\"{&quot;_animation&quot;:&quot;fadeIn&quot;,&quot;_animation_delay&quot;:400}\" data-widget_type=\"heading.default\">\n\t\t\t\t<div class=\"elementor-widget-container\">\n\t\t\t\t\t<h2 class=\"elementor-heading-title elementor-size-default\">Hymenoplastik<\/h2>\t\t\t\t<\/div>\n\t\t\t\t<\/div>\n\t\t\t\t<div class=\"elementor-element elementor-element-3a368d4 elementor-widget__width-auto elementor-widget elementor-widget-text-editor\" data-id=\"3a368d4\" data-element_type=\"widget\" data-e-type=\"widget\" data-settings=\"{&quot;_animation&quot;:&quot;none&quot;,&quot;_animation_delay&quot;:600}\" data-widget_type=\"text-editor.default\">\n\t\t\t\t<div class=\"elementor-widget-container\">\n\t\t\t\t\t\t\t\t\t<p>Auch heute noch stehen viele Frauen aus ethnischen, kulturellen, religi\u00f6sen und sozialen Gr\u00fcnden unter enormem Druck, ihre Jungfr\u00e4ulichkeit als Symbol der Reinheit und in vielen F\u00e4llen als Voraussetzung f\u00fcr eine Heirat zu bewahren oder einfach, um eine Ablehnung durch ihr Umfeld zu vermeiden.<br>Bei diesem Eingriff wird ein neues Jungfernh\u00e4utchen angelegt, um sicherzustellen, dass es beim ersten Geschlechtsverkehr nach der Operation zu Blutungen kommt.&nbsp;<\/p>\n<p><b>Die Hymenoplastik ist ein ambulanter Eingriff, der unter lokaler An\u00e4sthesie durchgef\u00fchrt wird. Die durchschnittliche Heilungszeit betr\u00e4gt 4-6 Wochen, vor der sexuelle Aktivit\u00e4t nicht empfohlen wird.<\/b><\/p>\t\t\t\t\t\t\t\t<\/div>\n\t\t\t\t<\/div>\n\t\t\t\t\t<\/div>\n\t\t<\/div>\n\t\t\t\t\t<\/div>\n\t\t<\/section>\n\t\t\t\t<section class=\"elementor-section elementor-top-section elementor-element elementor-element-8595afd elementor-section-height-min-height elementor-section-boxed elementor-section-height-default elementor-section-items-middle\" data-id=\"8595afd\" data-element_type=\"section\" data-e-type=\"section\" data-settings=\"{&quot;background_background&quot;:&quot;classic&quot;}\">\n\t\t\t\t\t\t<div class=\"elementor-container elementor-column-gap-default\">\n\t\t\t\t\t<div class=\"elementor-column elementor-col-100 elementor-top-column elementor-element elementor-element-818fa00\" data-id=\"818fa00\" data-element_type=\"column\" data-e-type=\"column\" data-settings=\"{&quot;background_background&quot;:&quot;classic&quot;}\">\n\t\t\t<div class=\"elementor-widget-wrap\">\n\t\t\t\t\t\t\t<\/div>\n\t\t<\/div>\n\t\t\t\t\t<\/div>\n\t\t<\/section>\n\t\t\t\t<section class=\"elementor-section elementor-top-section elementor-element elementor-element-5f7b0d6 elementor-section-boxed elementor-section-height-default elementor-section-height-default\" data-id=\"5f7b0d6\" data-element_type=\"section\" data-e-type=\"section\">\n\t\t\t\t\t\t<div class=\"elementor-container elementor-column-gap-default\">\n\t\t\t\t\t<div class=\"elementor-column elementor-col-100 elementor-top-column elementor-element elementor-element-1d2ed87\" data-id=\"1d2ed87\" data-element_type=\"column\" data-e-type=\"column\">\n\t\t\t<div class=\"elementor-widget-wrap elementor-element-populated\">\n\t\t\t\t\t\t<div class=\"elementor-element elementor-element-e509414 elementor-invisible elementor-widget elementor-widget-heading\" data-id=\"e509414\" data-element_type=\"widget\" data-e-type=\"widget\" data-settings=\"{&quot;_animation&quot;:&quot;fadeIn&quot;,&quot;_animation_delay&quot;:400}\" data-widget_type=\"heading.default\">\n\t\t\t\t<div class=\"elementor-widget-container\">\n\t\t\t\t\t<h2 class=\"elementor-heading-title elementor-size-default\">Perineoplastik<\/h2>\t\t\t\t<\/div>\n\t\t\t\t<\/div>\n\t\t\t\t<div class=\"elementor-element elementor-element-8bca0ee elementor-widget__width-auto elementor-widget elementor-widget-text-editor\" data-id=\"8bca0ee\" data-element_type=\"widget\" data-e-type=\"widget\" data-settings=\"{&quot;_animation&quot;:&quot;none&quot;,&quot;_animation_delay&quot;:600}\" data-widget_type=\"text-editor.default\">\n\t\t\t\t<div class=\"elementor-widget-container\">\n\t\t\t\t\t\t\t\t\t<p>Per Definition ist das Perineum der Bereich zwischen dem Introitus vaginalis und dem Anus. Diese Region ist oft direkt von der Geburt betroffen, was ihr Aussehen und ihre Funktionalit\u00e4t beeintr\u00e4chtigt. Diese Operation zielt also darauf ab, die Anatomie wiederherzustellen und gleichzeitig die Qualit\u00e4t des Sexuallebens der Patientin und ihres Partners deutlich zu verbessern.&nbsp;<\/p>\n<p>Es handelt sich um einen risikoarmen, ambulanten Eingriff mit einer kurzen R\u00fcckkehr zu normalen Aktivit\u00e4ten, in der Regel nicht l\u00e4nger als 10 Tage. Sexuelle Ruhe wird f\u00fcr 1 Monat notwendig sein.<\/p>\n<p>Da die Perineoplastik allein oder in Kombination mit anderen \u00e4sthetischen Techniken im Genitalbereich durchgef\u00fchrt werden kann, bieten wir eine kostenlose Evaluierungskonsultation an, in der wir die zu befolgenden Verfahren unter Ber\u00fccksichtigung der Vorschl\u00e4ge unseres \u00c4rzteteams und der ge\u00e4u\u00dferten W\u00fcnsche des Patienten planen.&nbsp;<\/p>\t\t\t\t\t\t\t\t<\/div>\n\t\t\t\t<\/div>\n\t\t\t\t\t<\/div>\n\t\t<\/div>\n\t\t\t\t\t<\/div>\n\t\t<\/section>\n\t\t\t\t<section class=\"elementor-section elementor-top-section elementor-element elementor-element-b1a847e elementor-section-height-min-height elementor-section-boxed elementor-section-height-default elementor-section-items-middle\" data-id=\"b1a847e\" data-element_type=\"section\" data-e-type=\"section\" data-settings=\"{&quot;background_background&quot;:&quot;classic&quot;}\">\n\t\t\t\t\t\t<div class=\"elementor-container elementor-column-gap-default\">\n\t\t\t\t\t<div class=\"elementor-column elementor-col-100 elementor-top-column elementor-element elementor-element-8f200fa\" data-id=\"8f200fa\" data-element_type=\"column\" data-e-type=\"column\" data-settings=\"{&quot;background_background&quot;:&quot;classic&quot;}\">\n\t\t\t<div class=\"elementor-widget-wrap\">\n\t\t\t\t\t\t\t<\/div>\n\t\t<\/div>\n\t\t\t\t\t<\/div>\n\t\t<\/section>\n\t\t\t\t<section class=\"elementor-section elementor-top-section elementor-element elementor-element-c5bc345 elementor-section-boxed elementor-section-height-default elementor-section-height-default\" data-id=\"c5bc345\" data-element_type=\"section\" data-e-type=\"section\">\n\t\t\t\t\t\t<div class=\"elementor-container elementor-column-gap-default\">\n\t\t\t\t\t<div class=\"elementor-column elementor-col-100 elementor-top-column elementor-element elementor-element-b0215d8\" data-id=\"b0215d8\" data-element_type=\"column\" data-e-type=\"column\">\n\t\t\t<div class=\"elementor-widget-wrap elementor-element-populated\">\n\t\t\t\t\t\t<div class=\"elementor-element elementor-element-c72d176 elementor-invisible elementor-widget elementor-widget-heading\" data-id=\"c72d176\" data-element_type=\"widget\" data-e-type=\"widget\" data-settings=\"{&quot;_animation&quot;:&quot;fadeIn&quot;,&quot;_animation_delay&quot;:400}\" data-widget_type=\"heading.default\">\n\t\t\t\t<div class=\"elementor-widget-container\">\n\t\t\t\t\t<h2 class=\"elementor-heading-title elementor-size-default\">Hyalurons\u00e4ure in der gyn\u00e4kologischen \u00c4sthetik<\/h2>\t\t\t\t<\/div>\n\t\t\t\t<\/div>\n\t\t\t\t<div class=\"elementor-element elementor-element-fbc68f1 elementor-widget__width-auto elementor-widget elementor-widget-text-editor\" data-id=\"fbc68f1\" data-element_type=\"widget\" data-e-type=\"widget\" data-settings=\"{&quot;_animation&quot;:&quot;none&quot;,&quot;_animation_delay&quot;:600}\" data-widget_type=\"text-editor.default\">\n\t\t\t\t<div class=\"elementor-widget-container\">\n\t\t\t\t\t\t\t\t\t<p>Die lokale Injektion von Hyalurons\u00e4ure geh\u00f6rt zu den modernen Techniken der Genitalverj\u00fcngung und zielt darauf ab, die gro\u00dfen Schamlippen neu zu formen.<\/p><p>Dadurch wird das Volumen vergr\u00f6\u00dfert und ein sofortiges \u00e4sthetisches Ergebnis erzielt.<\/p>\t\t\t\t\t\t\t\t<\/div>\n\t\t\t\t<\/div>\n\t\t\t\t\t<\/div>\n\t\t<\/div>\n\t\t\t\t\t<\/div>\n\t\t<\/section>\n\t\t\t\t<section class=\"elementor-section elementor-top-section elementor-element elementor-element-a82368c elementor-section-height-min-height elementor-section-boxed elementor-section-height-default elementor-section-items-middle\" data-id=\"a82368c\" data-element_type=\"section\" data-e-type=\"section\" data-settings=\"{&quot;background_background&quot;:&quot;classic&quot;}\">\n\t\t\t\t\t\t<div class=\"elementor-container elementor-column-gap-default\">\n\t\t\t\t\t<div class=\"elementor-column elementor-col-100 elementor-top-column elementor-element elementor-element-5b40f21\" data-id=\"5b40f21\" data-element_type=\"column\" data-e-type=\"column\" data-settings=\"{&quot;background_background&quot;:&quot;classic&quot;}\">\n\t\t\t<div class=\"elementor-widget-wrap\">\n\t\t\t\t\t\t\t<\/div>\n\t\t<\/div>\n\t\t\t\t\t<\/div>\n\t\t<\/section>\n\t\t\t\t<section class=\"elementor-section elementor-top-section elementor-element elementor-element-ea4417a elementor-section-boxed elementor-section-height-default elementor-section-height-default\" data-id=\"ea4417a\" data-element_type=\"section\" data-e-type=\"section\">\n\t\t\t\t\t\t<div class=\"elementor-container elementor-column-gap-default\">\n\t\t\t\t\t<div class=\"elementor-column elementor-col-100 elementor-top-column elementor-element elementor-element-1b91916\" data-id=\"1b91916\" data-element_type=\"column\" data-e-type=\"column\">\n\t\t\t<div class=\"elementor-widget-wrap elementor-element-populated\">\n\t\t\t\t\t\t<div class=\"elementor-element elementor-element-c154ae6 elementor-invisible elementor-widget elementor-widget-heading\" data-id=\"c154ae6\" data-element_type=\"widget\" data-e-type=\"widget\" data-settings=\"{&quot;_animation&quot;:&quot;fadeIn&quot;,&quot;_animation_delay&quot;:400}\" data-widget_type=\"heading.default\">\n\t\t\t\t<div class=\"elementor-widget-container\">\n\t\t\t\t\t<h2 class=\"elementor-heading-title elementor-size-default\">G-Punkt Vergr\u00f6\u00dferung<\/h2>\t\t\t\t<\/div>\n\t\t\t\t<\/div>\n\t\t\t\t<div class=\"elementor-element elementor-element-864378b elementor-widget__width-auto elementor-widget elementor-widget-text-editor\" data-id=\"864378b\" data-element_type=\"widget\" data-e-type=\"widget\" data-settings=\"{&quot;_animation&quot;:&quot;none&quot;,&quot;_animation_delay&quot;:600}\" data-widget_type=\"text-editor.default\">\n\t\t\t\t<div class=\"elementor-widget-container\">\n\t\t\t\t\t\t\t\t\t<p>Der Begriff G-Punkt ist in den letzten Jahren weit verbreitet, da er in direktem Zusammenhang mit dem Orgasmus beim Geschlechtsverkehr steht. Er befindet sich am \u00dcbergang zwischen den beiden inneren und \u00e4u\u00dferen Dritteln der vorderen Wand der Vaginalschleimhaut und ist ein leicht zug\u00e4nglicher Bereich, der nicht-invasive Techniken beg\u00fcnstigt. Durch die Anwendung von Hyalurons\u00e4ure als Fillermaterial wird das Volumen und die Oberfl\u00e4che dieser Region vergr\u00f6\u00dfert, um eine gr\u00f6\u00dfere Entbl\u00f6\u00dfung zu erreichen, was sich direkt in einer gr\u00f6\u00dferen Befriedigung beim Geschlechtsverkehr niederschl\u00e4gt.<\/p><p>Es handelt sich um einen einfachen, ambulanten Eingriff unter \u00f6rtlicher Bet\u00e4ubung, der es der Patientin erm\u00f6glicht, sofort wieder in ihr soziales und berufliches Leben zur\u00fcckzukehren. Sexuelle Beziehungen werden lediglich f\u00fcr 10 Tage nach dem Eingriff eingeschr\u00e4nkt.<\/p>\t\t\t\t\t\t\t\t<\/div>\n\t\t\t\t<\/div>\n\t\t\t\t\t<\/div>\n\t\t<\/div>\n\t\t\t\t\t<\/div>\n\t\t<\/section>\n\t\t\t\t<\/div>","protected":false},"excerpt":{"rendered":"<p>Himenoplastia A\u00fan en nuestros d\u00edas muchas mujeres por razones \u00e9tnicas, culturales, religiosas y sociales reciben una enorme presi\u00f3n por mantener su virginidad como s\u00edmbolo de pureza y en muchas ocasiones es la condici\u00f3n para llegar al matrimonio o simplemente evitar el repudio de las personas de su entorno.Este procedimiento consiste en crear un nuevo himen [&hellip;]<\/p>\n","protected":false},"author":1,"featured_media":0,"parent":0,"menu_order":0,"comment_status":"closed","ping_status":"closed","template":"","meta":{"footnotes":""},"class_list":["post-445","page","type-page","status-publish","hentry"],"yoast_head":"<!-- This site is optimized with the Yoast SEO plugin v27.3 - https:\/\/yoast.com\/product\/yoast-seo-wordpress\/ -->\n<title>Ginecolog\u00eda Regenerativa - Ginecenter<\/title>\n<meta name=\"robots\" content=\"index, follow, max-snippet:-1, max-image-preview:large, max-video-preview:-1\" \/>\n<link rel=\"canonical\" href=\"https:\/\/ginecenter.com\/de\/regenerative-gynakologie\/\" \/>\n<meta property=\"og:locale\" content=\"de_DE\" \/>\n<meta property=\"og:type\" content=\"article\" \/>\n<meta property=\"og:title\" content=\"Ginecolog\u00eda Regenerativa - Ginecenter\" \/>\n<meta property=\"og:description\" content=\"Himenoplastia A\u00fan en nuestros d\u00edas muchas mujeres por razones \u00e9tnicas, culturales, religiosas y sociales reciben una enorme presi\u00f3n por mantener su virginidad como s\u00edmbolo de pureza y en muchas ocasiones es la condici\u00f3n para llegar al matrimonio o simplemente evitar el repudio de las personas de su entorno.Este procedimiento consiste en crear un nuevo himen [&hellip;]\" \/>\n<meta property=\"og:url\" content=\"https:\/\/ginecenter.com\/de\/regenerative-gynakologie\/\" \/>\n<meta property=\"og:site_name\" content=\"Ginecenter\" \/>\n<meta property=\"article:modified_time\" content=\"2025-05-14T11:43:49+00:00\" \/>\n<meta name=\"twitter:card\" content=\"summary_large_image\" \/>\n<meta name=\"twitter:label1\" content=\"Gesch\u00e4tzte Lesezeit\" \/>\n\t<meta name=\"twitter:data1\" content=\"3\u00a0Minuten\" \/>\n<script type=\"application\/ld+json\" class=\"yoast-schema-graph\">{\"@context\":\"https:\\\/\\\/schema.org\",\"@graph\":[{\"@type\":\"WebPage\",\"@id\":\"https:\\\/\\\/ginecenter.com\\\/ginecologia-regenerativa\\\/\",\"url\":\"https:\\\/\\\/ginecenter.com\\\/ginecologia-regenerativa\\\/\",\"name\":\"Ginecolog\u00eda Regenerativa - Ginecenter\",\"isPartOf\":{\"@id\":\"https:\\\/\\\/ginecenter.com\\\/#website\"},\"datePublished\":\"2022-07-12T09:51:38+00:00\",\"dateModified\":\"2025-05-14T11:43:49+00:00\",\"breadcrumb\":{\"@id\":\"https:\\\/\\\/ginecenter.com\\\/ginecologia-regenerativa\\\/#breadcrumb\"},\"inLanguage\":\"de\",\"potentialAction\":[{\"@type\":\"ReadAction\",\"target\":[\"https:\\\/\\\/ginecenter.com\\\/ginecologia-regenerativa\\\/\"]}]},{\"@type\":\"BreadcrumbList\",\"@id\":\"https:\\\/\\\/ginecenter.com\\\/ginecologia-regenerativa\\\/#breadcrumb\",\"itemListElement\":[{\"@type\":\"ListItem\",\"position\":1,\"name\":\"Portada\",\"item\":\"https:\\\/\\\/ginecenter.com\\\/\"},{\"@type\":\"ListItem\",\"position\":2,\"name\":\"Ginecolog\u00eda Regenerativa\"}]},{\"@type\":\"WebSite\",\"@id\":\"https:\\\/\\\/ginecenter.com\\\/#website\",\"url\":\"https:\\\/\\\/ginecenter.com\\\/\",\"name\":\"Ginecenter\",\"description\":\"Otro sitio realizado con WordPress\",\"publisher\":{\"@id\":\"https:\\\/\\\/ginecenter.com\\\/#organization\"},\"potentialAction\":[{\"@type\":\"SearchAction\",\"target\":{\"@type\":\"EntryPoint\",\"urlTemplate\":\"https:\\\/\\\/ginecenter.com\\\/?s={search_term_string}\"},\"query-input\":{\"@type\":\"PropertyValueSpecification\",\"valueRequired\":true,\"valueName\":\"search_term_string\"}}],\"inLanguage\":\"de\"},{\"@type\":\"Organization\",\"@id\":\"https:\\\/\\\/ginecenter.com\\\/#organization\",\"name\":\"Ginecenter\",\"url\":\"https:\\\/\\\/ginecenter.com\\\/\",\"logo\":{\"@type\":\"ImageObject\",\"inLanguage\":\"de\",\"@id\":\"https:\\\/\\\/ginecenter.com\\\/#\\\/schema\\\/logo\\\/image\\\/\",\"url\":\"https:\\\/\\\/ginecenter.com\\\/wp-content\\\/uploads\\\/2022\\\/07\\\/logo_blanco.svg\",\"contentUrl\":\"https:\\\/\\\/ginecenter.com\\\/wp-content\\\/uploads\\\/2022\\\/07\\\/logo_blanco.svg\",\"width\":294,\"height\":70,\"caption\":\"Ginecenter\"},\"image\":{\"@id\":\"https:\\\/\\\/ginecenter.com\\\/#\\\/schema\\\/logo\\\/image\\\/\"}}]}<\/script>\n<!-- \/ Yoast SEO plugin. -->","yoast_head_json":{"title":"Regenerative Gyn\u00e4kologie - Ginecenter","robots":{"index":"index","follow":"follow","max-snippet":"max-snippet:-1","max-image-preview":"max-image-preview:large","max-video-preview":"max-video-preview:-1"},"canonical":"https:\/\/ginecenter.com\/de\/regenerative-gynakologie\/","og_locale":"de_DE","og_type":"article","og_title":"Ginecolog\u00eda Regenerativa - Ginecenter","og_description":"Himenoplastia A\u00fan en nuestros d\u00edas muchas mujeres por razones \u00e9tnicas, culturales, religiosas y sociales reciben una enorme presi\u00f3n por mantener su virginidad como s\u00edmbolo de pureza y en muchas ocasiones es la condici\u00f3n para llegar al matrimonio o simplemente evitar el repudio de las personas de su entorno.Este procedimiento consiste en crear un nuevo himen [&hellip;]","og_url":"https:\/\/ginecenter.com\/de\/regenerative-gynakologie\/","og_site_name":"Ginecenter","article_modified_time":"2025-05-14T11:43:49+00:00","twitter_card":"summary_large_image","twitter_misc":{"Gesch\u00e4tzte Lesezeit":"3\u00a0Minuten"},"schema":{"@context":"https:\/\/schema.org","@graph":[{"@type":"WebPage","@id":"https:\/\/ginecenter.com\/ginecologia-regenerativa\/","url":"https:\/\/ginecenter.com\/ginecologia-regenerativa\/","name":"Regenerative Gyn\u00e4kologie - Ginecenter","isPartOf":{"@id":"https:\/\/ginecenter.com\/#website"},"datePublished":"2022-07-12T09:51:38+00:00","dateModified":"2025-05-14T11:43:49+00:00","breadcrumb":{"@id":"https:\/\/ginecenter.com\/ginecologia-regenerativa\/#breadcrumb"},"inLanguage":"de","potentialAction":[{"@type":"ReadAction","target":["https:\/\/ginecenter.com\/ginecologia-regenerativa\/"]}]},{"@type":"BreadcrumbList","@id":"https:\/\/ginecenter.com\/ginecologia-regenerativa\/#breadcrumb","itemListElement":[{"@type":"ListItem","position":1,"name":"Portada","item":"https:\/\/ginecenter.com\/"},{"@type":"ListItem","position":2,"name":"Ginecolog\u00eda Regenerativa"}]},{"@type":"WebSite","@id":"https:\/\/ginecenter.com\/#website","url":"https:\/\/ginecenter.com\/","name":"Ginecenter","description":"Eine andere WordPress-Seite","publisher":{"@id":"https:\/\/ginecenter.com\/#organization"},"potentialAction":[{"@type":"SearchAction","target":{"@type":"EntryPoint","urlTemplate":"https:\/\/ginecenter.com\/?s={search_term_string}"},"query-input":{"@type":"PropertyValueSpecification","valueRequired":true,"valueName":"search_term_string"}}],"inLanguage":"de"},{"@type":"Organization","@id":"https:\/\/ginecenter.com\/#organization","name":"Ginecenter","url":"https:\/\/ginecenter.com\/","logo":{"@type":"ImageObject","inLanguage":"de","@id":"https:\/\/ginecenter.com\/#\/schema\/logo\/image\/","url":"https:\/\/ginecenter.com\/wp-content\/uploads\/2022\/07\/logo_blanco.svg","contentUrl":"https:\/\/ginecenter.com\/wp-content\/uploads\/2022\/07\/logo_blanco.svg","width":294,"height":70,"caption":"Ginecenter"},"image":{"@id":"https:\/\/ginecenter.com\/#\/schema\/logo\/image\/"}}]}},"_links":{"self":[{"href":"https:\/\/ginecenter.com\/de\/wp-json\/wp\/v2\/pages\/445","targetHints":{"allow":["GET"]}}],"collection":[{"href":"https:\/\/ginecenter.com\/de\/wp-json\/wp\/v2\/pages"}],"about":[{"href":"https:\/\/ginecenter.com\/de\/wp-json\/wp\/v2\/types\/page"}],"author":[{"embeddable":true,"href":"https:\/\/ginecenter.com\/de\/wp-json\/wp\/v2\/users\/1"}],"replies":[{"embeddable":true,"href":"https:\/\/ginecenter.com\/de\/wp-json\/wp\/v2\/comments?post=445"}],"version-history":[{"count":135,"href":"https:\/\/ginecenter.com\/de\/wp-json\/wp\/v2\/pages\/445\/revisions"}],"predecessor-version":[{"id":1419,"href":"https:\/\/ginecenter.com\/de\/wp-json\/wp\/v2\/pages\/445\/revisions\/1419"}],"wp:attachment":[{"href":"https:\/\/ginecenter.com\/de\/wp-json\/wp\/v2\/media?parent=445"}],"curies":[{"name":"wp","href":"https:\/\/api.w.org\/{rel}","templated":true}]}}