{"id":1144,"date":"2022-08-28T17:32:07","date_gmt":"2022-08-28T17:32:07","guid":{"rendered":"https:\/\/ginecenter.com\/?page_id=1144"},"modified":"2025-05-14T11:42:44","modified_gmt":"2025-05-14T11:42:44","slug":"quality","status":"publish","type":"page","link":"https:\/\/ginecenter.com\/en\/calidad\/","title":{"rendered":"Quality"},"content":{"rendered":"<div data-elementor-type=\"wp-page\" data-elementor-id=\"1144\" class=\"elementor elementor-1144\" data-elementor-post-type=\"page\">\n\t\t\t\t\t\t<section class=\"elementor-section elementor-top-section elementor-element elementor-element-2a825c6 elementor-section-content-middle elementor-reverse-mobile elementor-section-boxed elementor-section-height-default elementor-section-height-default\" data-id=\"2a825c6\" data-element_type=\"section\" data-e-type=\"section\" data-settings=\"{&quot;background_background&quot;:&quot;classic&quot;}\">\n\t\t\t\t\t\t\t<div class=\"elementor-background-overlay\"><\/div>\n\t\t\t\t\t\t\t<div class=\"elementor-container elementor-column-gap-default\">\n\t\t\t\t\t<div class=\"elementor-column elementor-col-50 elementor-top-column elementor-element elementor-element-167ca80\" data-id=\"167ca80\" data-element_type=\"column\" data-e-type=\"column\">\n\t\t\t<div class=\"elementor-widget-wrap elementor-element-populated\">\n\t\t\t\t\t\t<div class=\"elementor-element elementor-element-f46d079 elementor-invisible elementor-widget elementor-widget-heading\" data-id=\"f46d079\" data-element_type=\"widget\" data-e-type=\"widget\" data-settings=\"{&quot;_animation&quot;:&quot;fadeInLeft&quot;}\" data-widget_type=\"heading.default\">\n\t\t\t\t<div class=\"elementor-widget-container\">\n\t\t\t\t\t<h1 class=\"elementor-heading-title elementor-size-xl\">Quality<\/h1>\t\t\t\t<\/div>\n\t\t\t\t<\/div>\n\t\t\t\t\t<\/div>\n\t\t<\/div>\n\t\t\t\t<div class=\"elementor-column elementor-col-50 elementor-top-column elementor-element elementor-element-663d210\" data-id=\"663d210\" data-element_type=\"column\" data-e-type=\"column\" data-settings=\"{&quot;background_background&quot;:&quot;classic&quot;}\">\n\t\t\t<div class=\"elementor-widget-wrap\">\n\t\t\t\t\t\t\t<\/div>\n\t\t<\/div>\n\t\t\t\t\t<\/div>\n\t\t<\/section>\n\t\t\t\t<section class=\"elementor-section elementor-top-section elementor-element elementor-element-5174b126 elementor-section-boxed elementor-section-height-default elementor-section-height-default\" data-id=\"5174b126\" data-element_type=\"section\" data-e-type=\"section\">\n\t\t\t\t\t\t<div class=\"elementor-container elementor-column-gap-default\">\n\t\t\t\t\t<div class=\"elementor-column elementor-col-100 elementor-top-column elementor-element elementor-element-35b42821\" data-id=\"35b42821\" data-element_type=\"column\" data-e-type=\"column\">\n\t\t\t<div class=\"elementor-widget-wrap elementor-element-populated\">\n\t\t\t\t\t\t<div class=\"elementor-element elementor-element-4782f2e elementor-widget elementor-widget-text-editor\" data-id=\"4782f2e\" data-element_type=\"widget\" data-e-type=\"widget\" data-widget_type=\"text-editor.default\">\n\t\t\t\t<div class=\"elementor-widget-container\">\n\t\t\t\t\t\t\t\t\t<p><\/p>\n<p>At GINECENTER we understand that in order to achieve this, we must prioritise the following principles:<\/p>\n<ul>\n<li>Personalised attention, close and sensitive to people's individual needs.<\/li>\n<li>Guarantee of adequate diagnosis and treatment, based on the implementation of protocols and procedures for action agreed at national and international level (Scientific Societies and International Organisations).<\/li>\n<li>Continuous training for all staff, promoting the acquisition of knowledge and skills and improving attitudes, incorporating them into the company culture.<\/li>\n<li>Implementation of an information system to monitor the effectiveness of management, allowing for the correction of possible failures or deficiencies.<\/li>\n<li>Commitment of the Management and Medical Management to provide the necessary resources to achieve the Quality objectives.<\/li>\n<\/ul><div><br><\/div>\n<p>The application of a model based on Quality will help us to continuously improve and review our objectives and indicators year after year in order to achieve excellence in all the processes developed.<\/p>\n<p><\/p>\t\t\t\t\t\t\t\t<\/div>\n\t\t\t\t<\/div>\n\t\t\t\t<div class=\"elementor-element elementor-element-00f411a elementor-widget elementor-widget-image\" data-id=\"00f411a\" data-element_type=\"widget\" data-e-type=\"widget\" data-widget_type=\"image.default\">\n\t\t\t\t<div class=\"elementor-widget-container\">\n\t\t\t\t\t\t\t\t\t\t\t\t\t\t\t<img fetchpriority=\"high\" decoding=\"async\" width=\"800\" height=\"564\" src=\"https:\/\/ginecenter.com\/wp-content\/uploads\/2022\/08\/certificado-calidad-ambiental.jpg\" class=\"attachment-large size-large wp-image-1147\" alt=\"\" srcset=\"https:\/\/ginecenter.com\/wp-content\/uploads\/2022\/08\/certificado-calidad-ambiental.jpg 992w, https:\/\/ginecenter.com\/wp-content\/uploads\/2022\/08\/certificado-calidad-ambiental-300x211.jpg 300w, https:\/\/ginecenter.com\/wp-content\/uploads\/2022\/08\/certificado-calidad-ambiental-768x541.jpg 768w\" sizes=\"(max-width: 800px) 100vw, 800px\" \/>\t\t\t\t\t\t\t\t\t\t\t\t\t\t\t<\/div>\n\t\t\t\t<\/div>\n\t\t\t\t\t<\/div>\n\t\t<\/div>\n\t\t\t\t\t<\/div>\n\t\t<\/section>\n\t\t\t\t<\/div>","protected":false},"excerpt":{"rendered":"<p>En GINECENTER entendemos que para conseguirlo, debemos priorizar los siguientes principios: Atenci\u00f3n personalizada, cercana y sensible a las necesidades individuales de las personas. Garant\u00eda de un diagn\u00f3stico y tratamiento adecuados, basados en la implantaci\u00f3n de protocolos y procedimientos de actuaci\u00f3n consensuados a nivel nacional e internacional (Sociedades Cient\u00edficas y Organismos Internacionales). Formaci\u00f3n continuada a todo [&hellip;]<\/p>\n","protected":false},"author":1,"featured_media":0,"parent":0,"menu_order":0,"comment_status":"closed","ping_status":"closed","template":"","meta":{"footnotes":""},"class_list":["post-1144","page","type-page","status-publish","hentry"],"yoast_head":"<!-- This site is optimized with the Yoast SEO plugin v27.3 - https:\/\/yoast.com\/product\/yoast-seo-wordpress\/ -->\n<title>Calidad - Ginecenter<\/title>\n<meta name=\"robots\" content=\"index, follow, max-snippet:-1, max-image-preview:large, max-video-preview:-1\" \/>\n<link rel=\"canonical\" href=\"https:\/\/ginecenter.com\/en\/quality\/\" \/>\n<meta property=\"og:locale\" content=\"en_GB\" \/>\n<meta property=\"og:type\" content=\"article\" \/>\n<meta property=\"og:title\" content=\"Calidad - Ginecenter\" \/>\n<meta property=\"og:description\" content=\"En GINECENTER entendemos que para conseguirlo, debemos priorizar los siguientes principios: Atenci\u00f3n personalizada, cercana y sensible a las necesidades individuales de las personas. Garant\u00eda de un diagn\u00f3stico y tratamiento adecuados, basados en la implantaci\u00f3n de protocolos y procedimientos de actuaci\u00f3n consensuados a nivel nacional e internacional (Sociedades Cient\u00edficas y Organismos Internacionales). Formaci\u00f3n continuada a todo [&hellip;]\" \/>\n<meta property=\"og:url\" content=\"https:\/\/ginecenter.com\/en\/quality\/\" \/>\n<meta property=\"og:site_name\" content=\"Ginecenter\" \/>\n<meta property=\"article:modified_time\" content=\"2025-05-14T11:42:44+00:00\" \/>\n<meta property=\"og:image\" content=\"https:\/\/ginecenter.com\/wp-content\/uploads\/2022\/08\/certificado-calidad-ambiental.jpg\" \/>\n\t<meta property=\"og:image:width\" content=\"992\" \/>\n\t<meta property=\"og:image:height\" content=\"699\" \/>\n\t<meta property=\"og:image:type\" content=\"image\/jpeg\" \/>\n<meta name=\"twitter:card\" content=\"summary_large_image\" \/>\n<meta name=\"twitter:label1\" content=\"Estimated reading time\" \/>\n\t<meta name=\"twitter:data1\" content=\"1 minute\" \/>\n<script type=\"application\/ld+json\" class=\"yoast-schema-graph\">{\"@context\":\"https:\\\/\\\/schema.org\",\"@graph\":[{\"@type\":\"WebPage\",\"@id\":\"https:\\\/\\\/ginecenter.com\\\/calidad\\\/\",\"url\":\"https:\\\/\\\/ginecenter.com\\\/calidad\\\/\",\"name\":\"Calidad - Ginecenter\",\"isPartOf\":{\"@id\":\"https:\\\/\\\/ginecenter.com\\\/#website\"},\"primaryImageOfPage\":{\"@id\":\"https:\\\/\\\/ginecenter.com\\\/calidad\\\/#primaryimage\"},\"image\":{\"@id\":\"https:\\\/\\\/ginecenter.com\\\/calidad\\\/#primaryimage\"},\"thumbnailUrl\":\"https:\\\/\\\/ginecenter.com\\\/wp-content\\\/uploads\\\/2022\\\/08\\\/certificado-calidad-ambiental.jpg\",\"datePublished\":\"2022-08-28T17:32:07+00:00\",\"dateModified\":\"2025-05-14T11:42:44+00:00\",\"breadcrumb\":{\"@id\":\"https:\\\/\\\/ginecenter.com\\\/calidad\\\/#breadcrumb\"},\"inLanguage\":\"en-GB\",\"potentialAction\":[{\"@type\":\"ReadAction\",\"target\":[\"https:\\\/\\\/ginecenter.com\\\/calidad\\\/\"]}]},{\"@type\":\"ImageObject\",\"inLanguage\":\"en-GB\",\"@id\":\"https:\\\/\\\/ginecenter.com\\\/calidad\\\/#primaryimage\",\"url\":\"https:\\\/\\\/ginecenter.com\\\/wp-content\\\/uploads\\\/2022\\\/08\\\/certificado-calidad-ambiental.jpg\",\"contentUrl\":\"https:\\\/\\\/ginecenter.com\\\/wp-content\\\/uploads\\\/2022\\\/08\\\/certificado-calidad-ambiental.jpg\"},{\"@type\":\"BreadcrumbList\",\"@id\":\"https:\\\/\\\/ginecenter.com\\\/calidad\\\/#breadcrumb\",\"itemListElement\":[{\"@type\":\"ListItem\",\"position\":1,\"name\":\"Portada\",\"item\":\"https:\\\/\\\/ginecenter.com\\\/\"},{\"@type\":\"ListItem\",\"position\":2,\"name\":\"Calidad\"}]},{\"@type\":\"WebSite\",\"@id\":\"https:\\\/\\\/ginecenter.com\\\/#website\",\"url\":\"https:\\\/\\\/ginecenter.com\\\/\",\"name\":\"Ginecenter\",\"description\":\"Otro sitio realizado con WordPress\",\"publisher\":{\"@id\":\"https:\\\/\\\/ginecenter.com\\\/#organization\"},\"potentialAction\":[{\"@type\":\"SearchAction\",\"target\":{\"@type\":\"EntryPoint\",\"urlTemplate\":\"https:\\\/\\\/ginecenter.com\\\/?s={search_term_string}\"},\"query-input\":{\"@type\":\"PropertyValueSpecification\",\"valueRequired\":true,\"valueName\":\"search_term_string\"}}],\"inLanguage\":\"en-GB\"},{\"@type\":\"Organization\",\"@id\":\"https:\\\/\\\/ginecenter.com\\\/#organization\",\"name\":\"Ginecenter\",\"url\":\"https:\\\/\\\/ginecenter.com\\\/\",\"logo\":{\"@type\":\"ImageObject\",\"inLanguage\":\"en-GB\",\"@id\":\"https:\\\/\\\/ginecenter.com\\\/#\\\/schema\\\/logo\\\/image\\\/\",\"url\":\"https:\\\/\\\/ginecenter.com\\\/wp-content\\\/uploads\\\/2022\\\/07\\\/logo_blanco.svg\",\"contentUrl\":\"https:\\\/\\\/ginecenter.com\\\/wp-content\\\/uploads\\\/2022\\\/07\\\/logo_blanco.svg\",\"width\":294,\"height\":70,\"caption\":\"Ginecenter\"},\"image\":{\"@id\":\"https:\\\/\\\/ginecenter.com\\\/#\\\/schema\\\/logo\\\/image\\\/\"}}]}<\/script>\n<!-- \/ Yoast SEO plugin. -->","yoast_head_json":{"title":"Quality - Ginecenter","robots":{"index":"index","follow":"follow","max-snippet":"max-snippet:-1","max-image-preview":"max-image-preview:large","max-video-preview":"max-video-preview:-1"},"canonical":"https:\/\/ginecenter.com\/en\/quality\/","og_locale":"en_GB","og_type":"article","og_title":"Calidad - Ginecenter","og_description":"En GINECENTER entendemos que para conseguirlo, debemos priorizar los siguientes principios: Atenci\u00f3n personalizada, cercana y sensible a las necesidades individuales de las personas. Garant\u00eda de un diagn\u00f3stico y tratamiento adecuados, basados en la implantaci\u00f3n de protocolos y procedimientos de actuaci\u00f3n consensuados a nivel nacional e internacional (Sociedades Cient\u00edficas y Organismos Internacionales). Formaci\u00f3n continuada a todo [&hellip;]","og_url":"https:\/\/ginecenter.com\/en\/quality\/","og_site_name":"Ginecenter","article_modified_time":"2025-05-14T11:42:44+00:00","og_image":[{"width":992,"height":699,"url":"https:\/\/ginecenter.com\/wp-content\/uploads\/2022\/08\/certificado-calidad-ambiental.jpg","type":"image\/jpeg"}],"twitter_card":"summary_large_image","twitter_misc":{"Estimated reading time":"1 minute"},"schema":{"@context":"https:\/\/schema.org","@graph":[{"@type":"WebPage","@id":"https:\/\/ginecenter.com\/calidad\/","url":"https:\/\/ginecenter.com\/calidad\/","name":"Quality - Ginecenter","isPartOf":{"@id":"https:\/\/ginecenter.com\/#website"},"primaryImageOfPage":{"@id":"https:\/\/ginecenter.com\/calidad\/#primaryimage"},"image":{"@id":"https:\/\/ginecenter.com\/calidad\/#primaryimage"},"thumbnailUrl":"https:\/\/ginecenter.com\/wp-content\/uploads\/2022\/08\/certificado-calidad-ambiental.jpg","datePublished":"2022-08-28T17:32:07+00:00","dateModified":"2025-05-14T11:42:44+00:00","breadcrumb":{"@id":"https:\/\/ginecenter.com\/calidad\/#breadcrumb"},"inLanguage":"en-GB","potentialAction":[{"@type":"ReadAction","target":["https:\/\/ginecenter.com\/calidad\/"]}]},{"@type":"ImageObject","inLanguage":"en-GB","@id":"https:\/\/ginecenter.com\/calidad\/#primaryimage","url":"https:\/\/ginecenter.com\/wp-content\/uploads\/2022\/08\/certificado-calidad-ambiental.jpg","contentUrl":"https:\/\/ginecenter.com\/wp-content\/uploads\/2022\/08\/certificado-calidad-ambiental.jpg"},{"@type":"BreadcrumbList","@id":"https:\/\/ginecenter.com\/calidad\/#breadcrumb","itemListElement":[{"@type":"ListItem","position":1,"name":"Portada","item":"https:\/\/ginecenter.com\/"},{"@type":"ListItem","position":2,"name":"Calidad"}]},{"@type":"WebSite","@id":"https:\/\/ginecenter.com\/#website","url":"https:\/\/ginecenter.com\/","name":"Ginecenter","description":"Another WordPress site","publisher":{"@id":"https:\/\/ginecenter.com\/#organization"},"potentialAction":[{"@type":"SearchAction","target":{"@type":"EntryPoint","urlTemplate":"https:\/\/ginecenter.com\/?s={search_term_string}"},"query-input":{"@type":"PropertyValueSpecification","valueRequired":true,"valueName":"search_term_string"}}],"inLanguage":"en-GB"},{"@type":"Organization","@id":"https:\/\/ginecenter.com\/#organization","name":"Ginecenter","url":"https:\/\/ginecenter.com\/","logo":{"@type":"ImageObject","inLanguage":"en-GB","@id":"https:\/\/ginecenter.com\/#\/schema\/logo\/image\/","url":"https:\/\/ginecenter.com\/wp-content\/uploads\/2022\/07\/logo_blanco.svg","contentUrl":"https:\/\/ginecenter.com\/wp-content\/uploads\/2022\/07\/logo_blanco.svg","width":294,"height":70,"caption":"Ginecenter"},"image":{"@id":"https:\/\/ginecenter.com\/#\/schema\/logo\/image\/"}}]}},"_links":{"self":[{"href":"https:\/\/ginecenter.com\/en\/wp-json\/wp\/v2\/pages\/1144","targetHints":{"allow":["GET"]}}],"collection":[{"href":"https:\/\/ginecenter.com\/en\/wp-json\/wp\/v2\/pages"}],"about":[{"href":"https:\/\/ginecenter.com\/en\/wp-json\/wp\/v2\/types\/page"}],"author":[{"embeddable":true,"href":"https:\/\/ginecenter.com\/en\/wp-json\/wp\/v2\/users\/1"}],"replies":[{"embeddable":true,"href":"https:\/\/ginecenter.com\/en\/wp-json\/wp\/v2\/comments?post=1144"}],"version-history":[{"count":10,"href":"https:\/\/ginecenter.com\/en\/wp-json\/wp\/v2\/pages\/1144\/revisions"}],"predecessor-version":[{"id":1413,"href":"https:\/\/ginecenter.com\/en\/wp-json\/wp\/v2\/pages\/1144\/revisions\/1413"}],"wp:attachment":[{"href":"https:\/\/ginecenter.com\/en\/wp-json\/wp\/v2\/media?parent=1144"}],"curies":[{"name":"wp","href":"https:\/\/api.w.org\/{rel}","templated":true}]}}