{"id":1164,"date":"2022-08-28T17:51:19","date_gmt":"2022-08-28T17:51:19","guid":{"rendered":"https:\/\/ginecenter.com\/?page_id=1164"},"modified":"2025-05-14T11:45:10","modified_gmt":"2025-05-14T11:45:10","slug":"cookie-policy","status":"publish","type":"page","link":"https:\/\/ginecenter.com\/en\/politica-de-cookies\/","title":{"rendered":"Cookies policy"},"content":{"rendered":"<div data-elementor-type=\"wp-page\" data-elementor-id=\"1164\" class=\"elementor elementor-1164\" data-elementor-post-type=\"page\">\n\t\t\t\t\t\t<section class=\"elementor-section elementor-top-section elementor-element elementor-element-2a825c6 elementor-section-content-middle elementor-reverse-mobile elementor-section-boxed elementor-section-height-default elementor-section-height-default\" data-id=\"2a825c6\" data-element_type=\"section\" data-e-type=\"section\" data-settings=\"{&quot;background_background&quot;:&quot;classic&quot;}\">\n\t\t\t\t\t\t\t<div class=\"elementor-background-overlay\"><\/div>\n\t\t\t\t\t\t\t<div class=\"elementor-container elementor-column-gap-default\">\n\t\t\t\t\t<div class=\"elementor-column elementor-col-50 elementor-top-column elementor-element elementor-element-167ca80\" data-id=\"167ca80\" data-element_type=\"column\" data-e-type=\"column\">\n\t\t\t<div class=\"elementor-widget-wrap elementor-element-populated\">\n\t\t\t\t\t\t<div class=\"elementor-element elementor-element-f46d079 elementor-invisible elementor-widget elementor-widget-heading\" data-id=\"f46d079\" data-element_type=\"widget\" data-e-type=\"widget\" data-settings=\"{&quot;_animation&quot;:&quot;fadeInLeft&quot;}\" data-widget_type=\"heading.default\">\n\t\t\t\t<div class=\"elementor-widget-container\">\n\t\t\t\t\t<h1 class=\"elementor-heading-title elementor-size-xl\">Cookies policy<\/h1>\t\t\t\t<\/div>\n\t\t\t\t<\/div>\n\t\t\t\t\t<\/div>\n\t\t<\/div>\n\t\t\t\t<div class=\"elementor-column elementor-col-50 elementor-top-column elementor-element elementor-element-663d210\" data-id=\"663d210\" data-element_type=\"column\" data-e-type=\"column\" data-settings=\"{&quot;background_background&quot;:&quot;classic&quot;}\">\n\t\t\t<div class=\"elementor-widget-wrap\">\n\t\t\t\t\t\t\t<\/div>\n\t\t<\/div>\n\t\t\t\t\t<\/div>\n\t\t<\/section>\n\t\t\t\t<section class=\"elementor-section elementor-top-section elementor-element elementor-element-5174b126 elementor-section-boxed elementor-section-height-default elementor-section-height-default\" data-id=\"5174b126\" data-element_type=\"section\" data-e-type=\"section\">\n\t\t\t\t\t\t<div class=\"elementor-container elementor-column-gap-default\">\n\t\t\t\t\t<div class=\"elementor-column elementor-col-100 elementor-top-column elementor-element elementor-element-35b42821\" data-id=\"35b42821\" data-element_type=\"column\" data-e-type=\"column\">\n\t\t\t<div class=\"elementor-widget-wrap elementor-element-populated\">\n\t\t\t\t\t\t<div class=\"elementor-element elementor-element-4782f2e elementor-widget elementor-widget-text-editor\" data-id=\"4782f2e\" data-element_type=\"widget\" data-e-type=\"widget\" data-widget_type=\"text-editor.default\">\n\t\t\t\t<div class=\"elementor-widget-container\">\n\t\t\t\t\t\t\t\t\t<p><\/p>\n<p>2004 Ginecenter, S.L. informs about the use of cookies on its website. <a href=\"https:\/\/web.archive.org\/web\/20210928140650\/http:\/\/www.ginecenter.com\/\">www.ginecenter.com<\/a>\u00a0\u00a0<\/p>\n<p><strong>\u00a0<\/strong><\/p>\n<h3><strong>What are cookies?<\/strong><\/h3>\n<p>Cookies are files that can be downloaded to your computer by websites. They are tools that play an essential role in the provision of numerous information society services. Among other things, they allow a website to store and retrieve information about the browsing habits of a user or their equipment and, depending on the information obtained, they can be used to recognise the user and improve the service offered.<\/p>\n<p><strong>\u00a0<\/strong><\/p>\n<h3><strong>Types of cookies<\/strong><\/h3>\n<p>Depending on the entity that manages the domain from which the cookies are sent and processes the data obtained, two types can be distinguished:<\/p>\n<ul>\n<li>Own cookies: those that are sent to the user's terminal equipment from a computer or domain managed by the editor itself and from which the service requested by the user is provided.<\/li>\n<\/ul>\n<ul>\n<li>Third-party cookies: those that are sent to the user's terminal equipment from a computer or domain that is not managed by the editor, but by another entity that processes the data obtained through the cookies.<\/li>\n<\/ul>\n<p>In the event that the cookies are installed from a computer or domain managed by the editor itself, but the information collected through them is managed by a third party, they cannot be considered as own cookies.<\/p>\n<p>\u00a0<\/p>\n<p>There is also a second classification according to the length of time they remain stored in the client's browser:<\/p>\n<ul>\n<li>Session cookies: designed to collect and store data while the user accesses a website. They are usually used to store information that only needs to be kept for the provision of the service requested by the user on a single occasion (e.g. a list of products purchased).<\/li>\n<\/ul>\n<ul>\n<li>Persistent cookies: the data remains stored in the terminal and can be accessed and processed for a period defined by the party responsible for the cookie, which can range from a few minutes to several years.<\/li>\n<\/ul>\n<div>\u00a0<\/div>\n<p>Finally, there is another classification with five types of cookies according to the purpose for which the data obtained are processed:<\/p>\n<ul>\n<li>Technical cookies: those that allow the user to browse through a website, platform or application and use the different options or services that exist on it, such as, for example, controlling traffic and data communication, identifying the session, accessing restricted access areas, remembering the elements that make up an order, carrying out the purchase process of an order, making the application for registration or participation in an event, using security elements during browsing, storing content for the broadcasting of videos or sound or sharing content through social networks.<\/li>\n<\/ul>\n<ul>\n<li>Personalisation cookies: these allow the user to access the service with some general characteristics predefined according to a series of criteria in the user's terminal, such as the language, the type of browser used to access the service, the regional configuration from which the service is accessed, etc.<\/li>\n<\/ul>\n<ul>\n<li>Analysis cookies: these allow the party responsible for them to monitor and analyse the behaviour of the users of the websites to which they are linked. The information collected through this type of cookies is used to measure the activity of the websites, application or platform and for the elaboration of browsing profiles of the users of these sites, applications and platforms, in order to introduce improvements based on the analysis of the usage data of the users of the service.<\/li>\n<\/ul>\n<ul>\n<li>Advertising cookies: these enable advertising space to be managed as efficiently as possible.<\/li>\n<\/ul>\n<ul>\n<li>Behavioural advertising cookies: these store information on user behaviour obtained through continuous observation of their browsing habits, which allows a specific profile to be developed in order to display advertising based on the same.<\/li>\n<\/ul>\n<ul>\n<li>Cookies from external social networks: these are used so that visitors can interact with the content of different social platforms (facebook, youtube, twitter, linkedIn, etc..) and are generated only for users of these social networks. The conditions of use of these cookies and the information collected is regulated by the privacy policy of the corresponding social platform.<\/li>\n<\/ul>\n<p><strong>\u00a0<\/strong><\/p>\n<h3><strong>Disabling and deleting cookies<\/strong><strong>\u00a0<\/strong><\/h3>\n<p>You have the option to allow, block or delete cookies installed on your computer by configuring the browser options installed on your computer. By disabling cookies, some of the services available may no longer be operational. The way to disable cookies is different for each browser, but can usually be done from the Tools or Options menu. You can also consult the browser's Help menu where you can find instructions. The user may at any time choose which cookies they want to operate on this website.<\/p>\n<p>\u00a0<\/p>\n<p>You can allow, block or delete the cookies installed on your computer by configuring the browser options installed on your computer:<\/p>\n<ul>\n<li>Microsoft Internet Explorer or Microsoft Edge:<\/li>\n<\/ul>\n<p><a href=\"https:\/\/web.archive.org\/web\/20210928140650\/http:\/\/windows.microsoft.com\/es-es\/windows-vista\/Block-or-allow-cookies\">http:\/\/windows.microsoft.com\/es-es\/windows-vista\/Block-or-allow-cookies<\/a><\/p>\n<ul>\n<li>Mozilla Firefox:\u00a0<a href=\"https:\/\/web.archive.org\/web\/20210928140650\/http:\/\/support.mozilla.org\/es\/kb\/impedir-que-los-sitios-web-guarden-sus-preferencia\">http:\/\/support.mozilla.org\/es\/kb\/impedir-que-los-sitios-web-guarden-sus-preferencia<\/a><\/li>\n<li>Chrome:\u00a0<a href=\"https:\/\/web.archive.org\/web\/20210928140650\/https:\/\/support.google.com\/accounts\/answer\/61416?hl=es\">https:\/\/support.google.com\/accounts\/answer\/61416?hl=es<\/a><\/li>\n<li>Safari:\u00a0<a href=\"https:\/\/web.archive.org\/web\/20210928140650\/http:\/\/safari.helpmax.net\/es\/privacidad-y-seguridad\/como-gestionar-las-cookies\/\">http:\/\/safari.helpmax.net\/es\/privacidad-y-seguridad\/como-gestionar-las-cookies\/<\/a><\/li>\n<li>Opera:\u00a0<a href=\"https:\/\/web.archive.org\/web\/20210928140650\/http:\/\/help.opera.com\/Linux\/10.60\/es-ES\/cookies.html\">http:\/\/help.opera.com\/Linux\/10.60\/es-ES\/cookies.html<\/a><\/li>\n<\/ul>\n<p>In addition, you can also manage your browser's cookie store using tools such as the following<\/p>\n<ul>\n<li>Ghostery:\u00a0<a href=\"https:\/\/web.archive.org\/web\/20210928140650\/http:\/\/www.ghostery.com\/\">www.ghostery.com\/<\/a><\/li>\n<li>Your online choices:\u00a0<a href=\"https:\/\/web.archive.org\/web\/20210928140650\/http:\/\/www.youronlinechoices.com\/es\/\">www.youronlinechoices.com\/es\/<\/a><\/li>\n<\/ul>\n<div><br \/><br \/><\/div>\n<p><strong>What cookies do we use on our website?<\/strong><\/p>\n<p>The cookies that are being used in the following are identified as follows\u00a0<a href=\"https:\/\/web.archive.org\/web\/20210928140650\/http:\/\/www.ginecenter.com\/\">www.ginecenter.com<\/a><\/p>\n<table>\n<tbody>\n<tr>\n<td>\n<p>Cookie name<\/p>\n<\/td>\n<td>\n<p>Type<\/p>\n<\/td>\n<td>\n<p>Subtype<\/p>\n<\/td>\n<td>\n<p>Holder<\/p>\n<\/td>\n<td>\n<p>Purpose<\/p>\n<\/td>\n<td>\n<p>Duration<\/p>\n<\/td>\n<\/tr>\n<tr>\n<td>\n<p>\u00a0_ga<\/p>\n<\/td>\n<td>\n<p>\u00a0Analytics<\/p>\n<\/td>\n<td>\n<p>\u00a0Third parties<\/p>\n<\/td>\n<td>\n<p>\u00a0Google<\/p>\n<\/td>\n<td>\n<p>\u00a0Visitor, session and campaign data and to track site usage for site analytics reporting. The cookies store information in an anonymous form and assign a randomly generated number<\/p>\n<\/td>\n<td>\n<p>\u00a02 years<\/p>\n<\/td>\n<\/tr>\n<tr>\n<td>\n<p>\u00a0_gid<\/p>\n<\/td>\n<td>\n<p>\u00a0Analytics<\/p>\n<\/td>\n<td>\n<p>\u00a0Third parties<\/p>\n<\/td>\n<td>\n<p>\u00a0Google<\/p>\n<\/td>\n<td>\n<p>\u00a0Visitor, session and campaign data and to track site usage for site analytics reporting. The cookies store information in an anonymous form and assign a randomly generated number<\/p>\n<\/td>\n<td>\n<p>\u00a01 day<\/p>\n<\/td>\n<\/tr>\n<tr>\n<td>\n<p>\u00a0eae8419bcd35ea 6192d57e387f259ea7<\/p>\n<\/td>\n<td>\n<p>\u00a0Another<\/p>\n<\/td>\n<td>\u00a0<\/td>\n<td>\u00a0<\/td>\n<td>\u00a0<\/td>\n<td>\n<p>\u00a0session<\/p>\n<\/td>\n<\/tr>\n<tr>\n<td>\n<p>_gat_gtag_UA_32501786_1<\/p>\n<\/td>\n<td>\n<p>Another<\/p>\n<\/td>\n<td>\u00a0<\/td>\n<td>\u00a0<\/td>\n<td>\u00a0<\/td>\n<td>\n<p>1 minute\u00a0<\/p>\n<\/td>\n<\/tr>\n<\/tbody>\n<\/table>\n<h3><strong>\u00a0<\/strong><\/h3>\n<h3><strong>Acceptance of the Cookies Policy<\/strong><strong>\u00a0<\/strong><\/h3>\n<p>2004 Ginecenter, S.L assumes that you accept the use of cookies. However, it displays information about its Cookie Policy at the bottom or top of any page of the portal with each login so that you are aware of it.<\/p>\n<p>Given this information, the following actions are possible:<\/p>\n<ul>\n<li>Accept cookies: This notice will not be displayed again when accessing any page of the portal during the current session.<\/li>\n<li>Close: The notice is hidden on this page.<\/li>\n<li>Modify your settings: You can obtain more information about what cookies are, know the Cookies Policy of 2004 Ginecenter, S.L and modify the settings of your browser.<\/li>\n<li>\u00a0<\/li>\n<\/ul>\n<p>Further information on data protection can be found at\u00a0<a href=\"https:\/\/web.archive.org\/web\/20210928140650\/https:\/\/ginecenter.com\/aviso-legal.html\">Privacy policy<\/a>.<\/p>\n<p><\/p>\t\t\t\t\t\t\t\t<\/div>\n\t\t\t\t<\/div>\n\t\t\t\t\t<\/div>\n\t\t<\/div>\n\t\t\t\t\t<\/div>\n\t\t<\/section>\n\t\t\t\t<\/div>","protected":false},"excerpt":{"rendered":"<p>2004 Ginecenter, S.L. informa acerca del uso de las cookies en su p\u00e1gina web www.ginecenter.com\u00a0\u00a0 \u00a0 \u00bfQu\u00e9 son las cookies? Las cookies son archivos que se pueden descargar en su equipo a trav\u00e9s de las p\u00e1ginas web. Son herramientas que tienen un papel esencial para la prestaci\u00f3n de numerosos servicios de la sociedad de la [&hellip;]<\/p>\n","protected":false},"author":1,"featured_media":0,"parent":0,"menu_order":0,"comment_status":"closed","ping_status":"closed","template":"","meta":{"footnotes":""},"class_list":["post-1164","page","type-page","status-publish","hentry"],"yoast_head":"<!-- This site is optimized with the Yoast SEO plugin v27.3 - https:\/\/yoast.com\/product\/yoast-seo-wordpress\/ -->\n<title>Pol\u00edtica de cookies - Ginecenter<\/title>\n<meta name=\"robots\" content=\"index, follow, max-snippet:-1, max-image-preview:large, max-video-preview:-1\" \/>\n<link rel=\"canonical\" href=\"https:\/\/ginecenter.com\/en\/cookie-policy\/\" \/>\n<meta property=\"og:locale\" content=\"en_GB\" \/>\n<meta property=\"og:type\" content=\"article\" \/>\n<meta property=\"og:title\" content=\"Pol\u00edtica de cookies - Ginecenter\" \/>\n<meta property=\"og:description\" content=\"2004 Ginecenter, S.L. informa acerca del uso de las cookies en su p\u00e1gina web www.ginecenter.com\u00a0\u00a0 \u00a0 \u00bfQu\u00e9 son las cookies? Las cookies son archivos que se pueden descargar en su equipo a trav\u00e9s de las p\u00e1ginas web. Son herramientas que tienen un papel esencial para la prestaci\u00f3n de numerosos servicios de la sociedad de la [&hellip;]\" \/>\n<meta property=\"og:url\" content=\"https:\/\/ginecenter.com\/en\/cookie-policy\/\" \/>\n<meta property=\"og:site_name\" content=\"Ginecenter\" \/>\n<meta property=\"article:modified_time\" content=\"2025-05-14T11:45:10+00:00\" \/>\n<meta name=\"twitter:card\" content=\"summary_large_image\" \/>\n<meta name=\"twitter:label1\" content=\"Estimated reading time\" \/>\n\t<meta name=\"twitter:data1\" content=\"6 minutes\" \/>\n<script type=\"application\/ld+json\" class=\"yoast-schema-graph\">{\"@context\":\"https:\\\/\\\/schema.org\",\"@graph\":[{\"@type\":\"WebPage\",\"@id\":\"https:\\\/\\\/ginecenter.com\\\/politica-de-cookies\\\/\",\"url\":\"https:\\\/\\\/ginecenter.com\\\/politica-de-cookies\\\/\",\"name\":\"Pol\u00edtica de cookies - Ginecenter\",\"isPartOf\":{\"@id\":\"https:\\\/\\\/ginecenter.com\\\/#website\"},\"datePublished\":\"2022-08-28T17:51:19+00:00\",\"dateModified\":\"2025-05-14T11:45:10+00:00\",\"breadcrumb\":{\"@id\":\"https:\\\/\\\/ginecenter.com\\\/politica-de-cookies\\\/#breadcrumb\"},\"inLanguage\":\"en-GB\",\"potentialAction\":[{\"@type\":\"ReadAction\",\"target\":[\"https:\\\/\\\/ginecenter.com\\\/politica-de-cookies\\\/\"]}]},{\"@type\":\"BreadcrumbList\",\"@id\":\"https:\\\/\\\/ginecenter.com\\\/politica-de-cookies\\\/#breadcrumb\",\"itemListElement\":[{\"@type\":\"ListItem\",\"position\":1,\"name\":\"Portada\",\"item\":\"https:\\\/\\\/ginecenter.com\\\/\"},{\"@type\":\"ListItem\",\"position\":2,\"name\":\"Pol\u00edtica de cookies\"}]},{\"@type\":\"WebSite\",\"@id\":\"https:\\\/\\\/ginecenter.com\\\/#website\",\"url\":\"https:\\\/\\\/ginecenter.com\\\/\",\"name\":\"Ginecenter\",\"description\":\"Otro sitio realizado con WordPress\",\"publisher\":{\"@id\":\"https:\\\/\\\/ginecenter.com\\\/#organization\"},\"potentialAction\":[{\"@type\":\"SearchAction\",\"target\":{\"@type\":\"EntryPoint\",\"urlTemplate\":\"https:\\\/\\\/ginecenter.com\\\/?s={search_term_string}\"},\"query-input\":{\"@type\":\"PropertyValueSpecification\",\"valueRequired\":true,\"valueName\":\"search_term_string\"}}],\"inLanguage\":\"en-GB\"},{\"@type\":\"Organization\",\"@id\":\"https:\\\/\\\/ginecenter.com\\\/#organization\",\"name\":\"Ginecenter\",\"url\":\"https:\\\/\\\/ginecenter.com\\\/\",\"logo\":{\"@type\":\"ImageObject\",\"inLanguage\":\"en-GB\",\"@id\":\"https:\\\/\\\/ginecenter.com\\\/#\\\/schema\\\/logo\\\/image\\\/\",\"url\":\"https:\\\/\\\/ginecenter.com\\\/wp-content\\\/uploads\\\/2022\\\/07\\\/logo_blanco.svg\",\"contentUrl\":\"https:\\\/\\\/ginecenter.com\\\/wp-content\\\/uploads\\\/2022\\\/07\\\/logo_blanco.svg\",\"width\":294,\"height\":70,\"caption\":\"Ginecenter\"},\"image\":{\"@id\":\"https:\\\/\\\/ginecenter.com\\\/#\\\/schema\\\/logo\\\/image\\\/\"}}]}<\/script>\n<!-- \/ Yoast SEO plugin. -->","yoast_head_json":{"title":"Cookies policy - Ginecenter","robots":{"index":"index","follow":"follow","max-snippet":"max-snippet:-1","max-image-preview":"max-image-preview:large","max-video-preview":"max-video-preview:-1"},"canonical":"https:\/\/ginecenter.com\/en\/cookie-policy\/","og_locale":"en_GB","og_type":"article","og_title":"Pol\u00edtica de cookies - Ginecenter","og_description":"2004 Ginecenter, S.L. informa acerca del uso de las cookies en su p\u00e1gina web www.ginecenter.com\u00a0\u00a0 \u00a0 \u00bfQu\u00e9 son las cookies? Las cookies son archivos que se pueden descargar en su equipo a trav\u00e9s de las p\u00e1ginas web. Son herramientas que tienen un papel esencial para la prestaci\u00f3n de numerosos servicios de la sociedad de la [&hellip;]","og_url":"https:\/\/ginecenter.com\/en\/cookie-policy\/","og_site_name":"Ginecenter","article_modified_time":"2025-05-14T11:45:10+00:00","twitter_card":"summary_large_image","twitter_misc":{"Estimated reading time":"6 minutes"},"schema":{"@context":"https:\/\/schema.org","@graph":[{"@type":"WebPage","@id":"https:\/\/ginecenter.com\/politica-de-cookies\/","url":"https:\/\/ginecenter.com\/politica-de-cookies\/","name":"Cookies policy - Ginecenter","isPartOf":{"@id":"https:\/\/ginecenter.com\/#website"},"datePublished":"2022-08-28T17:51:19+00:00","dateModified":"2025-05-14T11:45:10+00:00","breadcrumb":{"@id":"https:\/\/ginecenter.com\/politica-de-cookies\/#breadcrumb"},"inLanguage":"en-GB","potentialAction":[{"@type":"ReadAction","target":["https:\/\/ginecenter.com\/politica-de-cookies\/"]}]},{"@type":"BreadcrumbList","@id":"https:\/\/ginecenter.com\/politica-de-cookies\/#breadcrumb","itemListElement":[{"@type":"ListItem","position":1,"name":"Portada","item":"https:\/\/ginecenter.com\/"},{"@type":"ListItem","position":2,"name":"Pol\u00edtica de cookies"}]},{"@type":"WebSite","@id":"https:\/\/ginecenter.com\/#website","url":"https:\/\/ginecenter.com\/","name":"Ginecenter","description":"Another WordPress site","publisher":{"@id":"https:\/\/ginecenter.com\/#organization"},"potentialAction":[{"@type":"SearchAction","target":{"@type":"EntryPoint","urlTemplate":"https:\/\/ginecenter.com\/?s={search_term_string}"},"query-input":{"@type":"PropertyValueSpecification","valueRequired":true,"valueName":"search_term_string"}}],"inLanguage":"en-GB"},{"@type":"Organization","@id":"https:\/\/ginecenter.com\/#organization","name":"Ginecenter","url":"https:\/\/ginecenter.com\/","logo":{"@type":"ImageObject","inLanguage":"en-GB","@id":"https:\/\/ginecenter.com\/#\/schema\/logo\/image\/","url":"https:\/\/ginecenter.com\/wp-content\/uploads\/2022\/07\/logo_blanco.svg","contentUrl":"https:\/\/ginecenter.com\/wp-content\/uploads\/2022\/07\/logo_blanco.svg","width":294,"height":70,"caption":"Ginecenter"},"image":{"@id":"https:\/\/ginecenter.com\/#\/schema\/logo\/image\/"}}]}},"_links":{"self":[{"href":"https:\/\/ginecenter.com\/en\/wp-json\/wp\/v2\/pages\/1164","targetHints":{"allow":["GET"]}}],"collection":[{"href":"https:\/\/ginecenter.com\/en\/wp-json\/wp\/v2\/pages"}],"about":[{"href":"https:\/\/ginecenter.com\/en\/wp-json\/wp\/v2\/types\/page"}],"author":[{"embeddable":true,"href":"https:\/\/ginecenter.com\/en\/wp-json\/wp\/v2\/users\/1"}],"replies":[{"embeddable":true,"href":"https:\/\/ginecenter.com\/en\/wp-json\/wp\/v2\/comments?post=1164"}],"version-history":[{"count":10,"href":"https:\/\/ginecenter.com\/en\/wp-json\/wp\/v2\/pages\/1164\/revisions"}],"predecessor-version":[{"id":1431,"href":"https:\/\/ginecenter.com\/en\/wp-json\/wp\/v2\/pages\/1164\/revisions\/1431"}],"wp:attachment":[{"href":"https:\/\/ginecenter.com\/en\/wp-json\/wp\/v2\/media?parent=1164"}],"curies":[{"name":"wp","href":"https:\/\/api.w.org\/{rel}","templated":true}]}}