{"id":1275,"date":"2023-04-17T20:03:11","date_gmt":"2023-04-17T20:03:11","guid":{"rendered":"https:\/\/ginecenter.com\/?page_id=1275"},"modified":"2025-05-14T11:49:17","modified_gmt":"2025-05-14T11:49:17","slug":"menopause","status":"publish","type":"page","link":"https:\/\/ginecenter.com\/en\/menopausia\/","title":{"rendered":"Menopause"},"content":{"rendered":"<div data-elementor-type=\"wp-page\" data-elementor-id=\"1275\" class=\"elementor elementor-1275\" data-elementor-post-type=\"page\">\n\t\t\t\t\t\t<section class=\"elementor-section elementor-top-section elementor-element elementor-element-6aafd678 elementor-section-content-middle elementor-reverse-mobile elementor-section-height-min-height elementor-section-boxed elementor-section-height-default elementor-section-items-middle\" data-id=\"6aafd678\" data-element_type=\"section\" data-e-type=\"section\" data-settings=\"{&quot;background_background&quot;:&quot;classic&quot;}\">\n\t\t\t\t\t\t\t<div class=\"elementor-background-overlay\"><\/div>\n\t\t\t\t\t\t\t<div class=\"elementor-container elementor-column-gap-default\">\n\t\t\t\t\t<div class=\"elementor-column elementor-col-50 elementor-top-column elementor-element elementor-element-1ddf2947\" data-id=\"1ddf2947\" data-element_type=\"column\" data-e-type=\"column\">\n\t\t\t<div class=\"elementor-widget-wrap elementor-element-populated\">\n\t\t\t\t\t\t<div class=\"elementor-element elementor-element-45a972a3 elementor-invisible elementor-widget elementor-widget-heading\" data-id=\"45a972a3\" data-element_type=\"widget\" data-e-type=\"widget\" data-settings=\"{&quot;_animation&quot;:&quot;fadeInLeft&quot;}\" data-widget_type=\"heading.default\">\n\t\t\t\t<div class=\"elementor-widget-container\">\n\t\t\t\t\t<h1 class=\"elementor-heading-title elementor-size-xxl\">Menopause<\/h1>\t\t\t\t<\/div>\n\t\t\t\t<\/div>\n\t\t\t\t\t<\/div>\n\t\t<\/div>\n\t\t\t\t<div class=\"elementor-column elementor-col-50 elementor-top-column elementor-element elementor-element-366f2b24\" data-id=\"366f2b24\" data-element_type=\"column\" data-e-type=\"column\" data-settings=\"{&quot;background_background&quot;:&quot;classic&quot;}\">\n\t\t\t<div class=\"elementor-widget-wrap\">\n\t\t\t\t\t\t\t<\/div>\n\t\t<\/div>\n\t\t\t\t\t<\/div>\n\t\t<\/section>\n\t\t\t\t<section class=\"elementor-section elementor-top-section elementor-element elementor-element-d3d0e1e elementor-section-boxed elementor-section-height-default elementor-section-height-default\" data-id=\"d3d0e1e\" data-element_type=\"section\" data-e-type=\"section\">\n\t\t\t\t\t\t<div class=\"elementor-container elementor-column-gap-default\">\n\t\t\t\t\t<div class=\"elementor-column elementor-col-100 elementor-top-column elementor-element elementor-element-a6f0816\" data-id=\"a6f0816\" data-element_type=\"column\" data-e-type=\"column\">\n\t\t\t<div class=\"elementor-widget-wrap elementor-element-populated\">\n\t\t\t\t\t\t<div class=\"elementor-element elementor-element-cabde97 elementor-invisible elementor-widget elementor-widget-heading\" data-id=\"cabde97\" data-element_type=\"widget\" data-e-type=\"widget\" data-settings=\"{&quot;_animation&quot;:&quot;fadeIn&quot;,&quot;_animation_delay&quot;:400}\" data-widget_type=\"heading.default\">\n\t\t\t\t<div class=\"elementor-widget-container\">\n\t\t\t\t\t<h2 class=\"elementor-heading-title elementor-size-default\">Climacteric and menopause<\/h2>\t\t\t\t<\/div>\n\t\t\t\t<\/div>\n\t\t\t\t<div class=\"elementor-element elementor-element-cb62716 elementor-widget__width-auto elementor-invisible elementor-widget elementor-widget-text-editor\" data-id=\"cb62716\" data-element_type=\"widget\" data-e-type=\"widget\" data-settings=\"{&quot;_animation&quot;:&quot;fadeIn&quot;,&quot;_animation_delay&quot;:600}\" data-widget_type=\"text-editor.default\">\n\t\t\t\t<div class=\"elementor-widget-container\">\n\t\t\t\t\t\t\t\t\t<p>At Ginecenter, our gynaecologist specialises in climacteric and menopause, <a href=\"https:\/\/laserginecologico.es\/blog\/laser-ginecologico-en-el-tratamiento-de-la-incontinencia-urinaria-de-esfuerzo\/\">Dr. Madriz<\/a>will advise you on the different treatment options to combat the discomfort caused by the symptoms of menopause, adapting them to the individual condition of each patient.<\/p>\t\t\t\t\t\t\t\t<\/div>\n\t\t\t\t<\/div>\n\t\t\t\t<div class=\"elementor-element elementor-element-8a51bbc elementor-widget__width-auto elementor-invisible elementor-widget elementor-widget-text-editor\" data-id=\"8a51bbc\" data-element_type=\"widget\" data-e-type=\"widget\" data-settings=\"{&quot;_animation&quot;:&quot;fadeIn&quot;,&quot;_animation_delay&quot;:600}\" data-widget_type=\"text-editor.default\">\n\t\t\t\t<div class=\"elementor-widget-container\">\n\t\t\t\t\t\t\t\t\t<p>Climacteric is the phase of life comprising the transitional years between the reproductive and non-reproductive phases.<\/p><p>Menopause is known as the last menstrual period (a term often confused with climacteric) and usually occurs around the age of 50, although in some cases it occurs before the age of 40 (early menopause) or, conversely, over the age of 55 (late menopause).<\/p>\t\t\t\t\t\t\t\t<\/div>\n\t\t\t\t<\/div>\n\t\t\t\t<div class=\"elementor-element elementor-element-3f5a6af elementor-widget elementor-widget-image\" data-id=\"3f5a6af\" data-element_type=\"widget\" data-e-type=\"widget\" data-widget_type=\"image.default\">\n\t\t\t\t<div class=\"elementor-widget-container\">\n\t\t\t\t\t\t\t\t\t\t\t\t\t\t\t<img fetchpriority=\"high\" decoding=\"async\" width=\"1400\" height=\"933\" src=\"https:\/\/ginecenter.com\/wp-content\/uploads\/2022\/07\/depositphotos_36647475_xl1400px_px.jpg\" class=\"attachment-full size-full wp-image-546\" alt=\"\" srcset=\"https:\/\/ginecenter.com\/wp-content\/uploads\/2022\/07\/depositphotos_36647475_xl1400px_px.jpg 1400w, https:\/\/ginecenter.com\/wp-content\/uploads\/2022\/07\/depositphotos_36647475_xl1400px_px-300x200.jpg 300w, https:\/\/ginecenter.com\/wp-content\/uploads\/2022\/07\/depositphotos_36647475_xl1400px_px-1024x682.jpg 1024w, https:\/\/ginecenter.com\/wp-content\/uploads\/2022\/07\/depositphotos_36647475_xl1400px_px-768x512.jpg 768w\" sizes=\"(max-width: 1400px) 100vw, 1400px\" \/>\t\t\t\t\t\t\t\t\t\t\t\t\t\t\t<\/div>\n\t\t\t\t<\/div>\n\t\t\t\t<div class=\"elementor-element elementor-element-364fa4f elementor-widget__width-auto elementor-invisible elementor-widget elementor-widget-text-editor\" data-id=\"364fa4f\" data-element_type=\"widget\" data-e-type=\"widget\" data-settings=\"{&quot;_animation&quot;:&quot;fadeIn&quot;,&quot;_animation_delay&quot;:600}\" data-widget_type=\"text-editor.default\">\n\t\t\t\t<div class=\"elementor-widget-container\">\n\t\t\t\t\t\t\t\t\t<p>A recent review reveals that the life expectancy of women in Spain, thanks to improved living conditions and the constant improvement in the quality of health systems in developed societies, stands at 86 years.<br \/>When the menopause arrives, a woman still has a third of her life ahead of her. In this new stage, menstrual periods and the symptoms that can accompany them cease, the use of a contraceptive method is no longer necessary and it is possible to experience sexuality without the fear of an unplanned pregnancy. The independence of children, professional fulfilment and acquired experience can turn this stage into an opportunity to enjoy more free time for oneself and to fulfil desires that were postponed.\u00a0<\/p><p><strong>It is time for new challenges.<\/strong><\/p><p>To maintain a good or acceptable quality of life at this stage, it is important to know the principles of healthy living and the achievements and advances of medicine (available to anyone at the doctor's office or health centre) in order to learn to live naturally and positively with the changes in body and mind that occur gradually with increasing age.<\/p>\t\t\t\t\t\t\t\t<\/div>\n\t\t\t\t<\/div>\n\t\t\t\t<div class=\"elementor-element elementor-element-410ffd6 elementor-invisible elementor-widget elementor-widget-heading\" data-id=\"410ffd6\" data-element_type=\"widget\" data-e-type=\"widget\" data-settings=\"{&quot;_animation&quot;:&quot;fadeIn&quot;,&quot;_animation_delay&quot;:400}\" data-widget_type=\"heading.default\">\n\t\t\t\t<div class=\"elementor-widget-container\">\n\t\t\t\t\t<h2 class=\"elementor-heading-title elementor-size-default\">Symptomatology<\/h2>\t\t\t\t<\/div>\n\t\t\t\t<\/div>\n\t\t\t\t<div class=\"elementor-element elementor-element-16f6e70 elementor-widget__width-auto elementor-invisible elementor-widget elementor-widget-text-editor\" data-id=\"16f6e70\" data-element_type=\"widget\" data-e-type=\"widget\" data-settings=\"{&quot;_animation&quot;:&quot;fadeIn&quot;,&quot;_animation_delay&quot;:600}\" data-widget_type=\"text-editor.default\">\n\t\t\t\t<div class=\"elementor-widget-container\">\n\t\t\t\t\t\t\t\t\t<p>At this stage hormonal changes appear, specifically the gradual decrease in oestrogen levels, which has a negative impact on different levels: the genitals, the urinary system, the bones, the cardiovascular system, and even the emotional and cognitive sphere.<\/p><p>The main symptoms, apart from menstrual cycle irregularities and definitive amenorrhoea (menopause), are mainly three:<\/p>\t\t\t\t\t\t\t\t<\/div>\n\t\t\t\t<\/div>\n\t\t\t\t<div class=\"elementor-element elementor-element-d74b227 elementor-widget__width-auto elementor-invisible elementor-widget elementor-widget-text-editor\" data-id=\"d74b227\" data-element_type=\"widget\" data-e-type=\"widget\" data-settings=\"{&quot;_animation&quot;:&quot;fadeIn&quot;,&quot;_animation_delay&quot;:600}\" data-widget_type=\"text-editor.default\">\n\t\t\t\t<div class=\"elementor-widget-container\">\n\t\t\t\t\t\t\t\t\t<h4><strong>Vasomotor disorders<\/strong><\/h4><p>Mainly hot flushes and sweating. They are due to dysregulation of the thermoregulatory centre and occur with varying frequency during the day and at night, causing insomnia and tiredness.<\/p><h4><strong>Urogenital atrophy or syndrome<\/strong><\/h4><p>Changes occur in the vulva, vagina and lower urinary tract (bladder and urethra), producing:<\/p><ul><li><strong>Dryness, burning, itching,\u00a0<\/strong>thinning of the vaginal walls (and in the longer term vaginal narrowing), which can lead to dyspareunia (pain during penetration).<\/li><li><strong>Urine leakage\u00a0<\/strong>due to weakening of the pelvic floor, both exertional and emergency.<\/li><\/ul><h4><strong>Osteoporosis<\/strong><\/h4><p>The decline in bone mass is associated with age in both men and women, however, in women, the decline in oestrogen produces a significant increase in the incidence of bone loss.\u00a0<strong>osteoporosis<\/strong>\u00a0in relation to each other which creates an increased risk of osteoporotic fractures (hip, vertebrae, forearm, etc.).<\/p><p>The main symptoms, apart from menstrual cycle irregularities and definitive amenorrhoea (menopause), are mainly three:<\/p>\t\t\t\t\t\t\t\t<\/div>\n\t\t\t\t<\/div>\n\t\t\t\t<div class=\"elementor-element elementor-element-046122e elementor-invisible elementor-widget elementor-widget-heading\" data-id=\"046122e\" data-element_type=\"widget\" data-e-type=\"widget\" data-settings=\"{&quot;_animation&quot;:&quot;fadeIn&quot;,&quot;_animation_delay&quot;:400}\" data-widget_type=\"heading.default\">\n\t\t\t\t<div class=\"elementor-widget-container\">\n\t\t\t\t\t<h2 class=\"elementor-heading-title elementor-size-default\">Treatment of climacteric (\"menopause\")\n<\/h2>\t\t\t\t<\/div>\n\t\t\t\t<\/div>\n\t\t\t\t<div class=\"elementor-element elementor-element-b4cb005 elementor-widget__width-auto elementor-invisible elementor-widget elementor-widget-text-editor\" data-id=\"b4cb005\" data-element_type=\"widget\" data-e-type=\"widget\" data-settings=\"{&quot;_animation&quot;:&quot;fadeIn&quot;,&quot;_animation_delay&quot;:600}\" data-widget_type=\"text-editor.default\">\n\t\t\t\t<div class=\"elementor-widget-container\">\n\t\t\t\t\t\t\t\t\t\nThe passive behaviour that characterised medical practice in the past, which basically turned us into mere spectators of changes that seemed to happen irremediably, has been replaced by a comprehensive approach focused on the prevention and treatment of diseases that increase their incidence at this stage. Diseases such as osteoporosis, genitourinary syndrome, cardiac and blood vessel pathologies, as well as breast cancer, among others, can be prevented or diagnosed at an early stage, thus guaranteeing the wellbeing of women. \t\t\t\t\t\t\t\t<\/div>\n\t\t\t\t<\/div>\n\t\t\t\t<div class=\"elementor-element elementor-element-1edc047 elementor-widget__width-auto elementor-invisible elementor-widget elementor-widget-text-editor\" data-id=\"1edc047\" data-element_type=\"widget\" data-e-type=\"widget\" data-settings=\"{&quot;_animation&quot;:&quot;fadeIn&quot;,&quot;_animation_delay&quot;:600}\" data-widget_type=\"text-editor.default\">\n\t\t\t\t<div class=\"elementor-widget-container\">\n\t\t\t\t\t\t\t\t\tDespite possible treatments, it is important to comply with a number of general recommendations such as: physical exercise (especially walking, swimming and dancing), a balanced diet (rich in fibre, calcium and vitamin D and A) and the detrimental effect of smoking and excessive alcohol consumption on physical and mental well-being.\t\t\t\t\t\t\t\t<\/div>\n\t\t\t\t<\/div>\n\t\t\t\t<div class=\"elementor-element elementor-element-681cd7b elementor-align-center elementor-widget elementor-widget-button\" data-id=\"681cd7b\" data-element_type=\"widget\" data-e-type=\"widget\" data-widget_type=\"button.default\">\n\t\t\t\t<div class=\"elementor-widget-container\">\n\t\t\t\t\t\t\t\t\t<div class=\"elementor-button-wrapper\">\n\t\t\t\t\t<a class=\"elementor-button elementor-button-link elementor-size-sm\" href=\"https:\/\/laserginecologico.es\/blog\/laser-ginecologico-en-el-tratamiento-de-la-incontinencia-urinaria-de-esfuerzo\/\">\n\t\t\t\t\t\t<span class=\"elementor-button-content-wrapper\">\n\t\t\t\t\t\t\t\t\t<span class=\"elementor-button-text\">Read more in Laser Gynaecology<\/span>\n\t\t\t\t\t<\/span>\n\t\t\t\t\t<\/a>\n\t\t\t\t<\/div>\n\t\t\t\t\t\t\t\t<\/div>\n\t\t\t\t<\/div>\n\t\t\t\t\t<\/div>\n\t\t<\/div>\n\t\t\t\t\t<\/div>\n\t\t<\/section>\n\t\t\t\t<\/div>","protected":false},"excerpt":{"rendered":"<p>Menopausia Climaterio y menopausia En Ginecenter, nuestra ginec\u00f3loga especialista en climaterio y menopausia, Dra. Madriz, le asesorar\u00e1 sobre las diferentes opciones de tratamientos para combatir el malestar originado por los s\u00edntomas de la menopausia, adapt\u00e1ndolos a la condici\u00f3n individual de cada paciente El climaterio es la fase de la vida que comprende los a\u00f1os de [&hellip;]<\/p>\n","protected":false},"author":1,"featured_media":0,"parent":0,"menu_order":0,"comment_status":"closed","ping_status":"closed","template":"","meta":{"footnotes":""},"class_list":["post-1275","page","type-page","status-publish","hentry"],"yoast_head":"<!-- This site is optimized with the Yoast SEO plugin v27.3 - https:\/\/yoast.com\/product\/yoast-seo-wordpress\/ -->\n<title>Menopausia - Ginecenter<\/title>\n<meta name=\"robots\" content=\"index, follow, max-snippet:-1, max-image-preview:large, max-video-preview:-1\" \/>\n<link rel=\"canonical\" href=\"https:\/\/ginecenter.com\/en\/menopause\/\" \/>\n<meta property=\"og:locale\" content=\"en_GB\" \/>\n<meta property=\"og:type\" content=\"article\" \/>\n<meta property=\"og:title\" content=\"Menopausia - Ginecenter\" \/>\n<meta property=\"og:description\" content=\"Menopausia Climaterio y menopausia En Ginecenter, nuestra ginec\u00f3loga especialista en climaterio y menopausia, Dra. Madriz, le asesorar\u00e1 sobre las diferentes opciones de tratamientos para combatir el malestar originado por los s\u00edntomas de la menopausia, adapt\u00e1ndolos a la condici\u00f3n individual de cada paciente El climaterio es la fase de la vida que comprende los a\u00f1os de [&hellip;]\" \/>\n<meta property=\"og:url\" content=\"https:\/\/ginecenter.com\/en\/menopause\/\" \/>\n<meta property=\"og:site_name\" content=\"Ginecenter\" \/>\n<meta property=\"article:modified_time\" content=\"2025-05-14T11:49:17+00:00\" \/>\n<meta property=\"og:image\" content=\"https:\/\/ginecenter.com\/wp-content\/uploads\/2022\/07\/depositphotos_36647475_xl1400px_px.jpg\" \/>\n\t<meta property=\"og:image:width\" content=\"1400\" \/>\n\t<meta property=\"og:image:height\" content=\"933\" \/>\n\t<meta property=\"og:image:type\" content=\"image\/jpeg\" \/>\n<meta name=\"twitter:card\" content=\"summary_large_image\" \/>\n<meta name=\"twitter:label1\" content=\"Estimated reading time\" \/>\n\t<meta name=\"twitter:data1\" content=\"4 minutes\" \/>\n<script type=\"application\/ld+json\" class=\"yoast-schema-graph\">{\"@context\":\"https:\\\/\\\/schema.org\",\"@graph\":[{\"@type\":\"WebPage\",\"@id\":\"https:\\\/\\\/ginecenter.com\\\/menopausia\\\/\",\"url\":\"https:\\\/\\\/ginecenter.com\\\/menopausia\\\/\",\"name\":\"Menopausia - Ginecenter\",\"isPartOf\":{\"@id\":\"https:\\\/\\\/ginecenter.com\\\/#website\"},\"primaryImageOfPage\":{\"@id\":\"https:\\\/\\\/ginecenter.com\\\/menopausia\\\/#primaryimage\"},\"image\":{\"@id\":\"https:\\\/\\\/ginecenter.com\\\/menopausia\\\/#primaryimage\"},\"thumbnailUrl\":\"https:\\\/\\\/ginecenter.com\\\/wp-content\\\/uploads\\\/2022\\\/07\\\/depositphotos_36647475_xl1400px_px.jpg\",\"datePublished\":\"2023-04-17T20:03:11+00:00\",\"dateModified\":\"2025-05-14T11:49:17+00:00\",\"breadcrumb\":{\"@id\":\"https:\\\/\\\/ginecenter.com\\\/menopausia\\\/#breadcrumb\"},\"inLanguage\":\"en-GB\",\"potentialAction\":[{\"@type\":\"ReadAction\",\"target\":[\"https:\\\/\\\/ginecenter.com\\\/menopausia\\\/\"]}]},{\"@type\":\"ImageObject\",\"inLanguage\":\"en-GB\",\"@id\":\"https:\\\/\\\/ginecenter.com\\\/menopausia\\\/#primaryimage\",\"url\":\"https:\\\/\\\/ginecenter.com\\\/wp-content\\\/uploads\\\/2022\\\/07\\\/depositphotos_36647475_xl1400px_px.jpg\",\"contentUrl\":\"https:\\\/\\\/ginecenter.com\\\/wp-content\\\/uploads\\\/2022\\\/07\\\/depositphotos_36647475_xl1400px_px.jpg\"},{\"@type\":\"BreadcrumbList\",\"@id\":\"https:\\\/\\\/ginecenter.com\\\/menopausia\\\/#breadcrumb\",\"itemListElement\":[{\"@type\":\"ListItem\",\"position\":1,\"name\":\"Portada\",\"item\":\"https:\\\/\\\/ginecenter.com\\\/\"},{\"@type\":\"ListItem\",\"position\":2,\"name\":\"Menopausia\"}]},{\"@type\":\"WebSite\",\"@id\":\"https:\\\/\\\/ginecenter.com\\\/#website\",\"url\":\"https:\\\/\\\/ginecenter.com\\\/\",\"name\":\"Ginecenter\",\"description\":\"Otro sitio realizado con WordPress\",\"publisher\":{\"@id\":\"https:\\\/\\\/ginecenter.com\\\/#organization\"},\"potentialAction\":[{\"@type\":\"SearchAction\",\"target\":{\"@type\":\"EntryPoint\",\"urlTemplate\":\"https:\\\/\\\/ginecenter.com\\\/?s={search_term_string}\"},\"query-input\":{\"@type\":\"PropertyValueSpecification\",\"valueRequired\":true,\"valueName\":\"search_term_string\"}}],\"inLanguage\":\"en-GB\"},{\"@type\":\"Organization\",\"@id\":\"https:\\\/\\\/ginecenter.com\\\/#organization\",\"name\":\"Ginecenter\",\"url\":\"https:\\\/\\\/ginecenter.com\\\/\",\"logo\":{\"@type\":\"ImageObject\",\"inLanguage\":\"en-GB\",\"@id\":\"https:\\\/\\\/ginecenter.com\\\/#\\\/schema\\\/logo\\\/image\\\/\",\"url\":\"https:\\\/\\\/ginecenter.com\\\/wp-content\\\/uploads\\\/2022\\\/07\\\/logo_blanco.svg\",\"contentUrl\":\"https:\\\/\\\/ginecenter.com\\\/wp-content\\\/uploads\\\/2022\\\/07\\\/logo_blanco.svg\",\"width\":294,\"height\":70,\"caption\":\"Ginecenter\"},\"image\":{\"@id\":\"https:\\\/\\\/ginecenter.com\\\/#\\\/schema\\\/logo\\\/image\\\/\"}}]}<\/script>\n<!-- \/ Yoast SEO plugin. -->","yoast_head_json":{"title":"Menopause - Ginecenter","robots":{"index":"index","follow":"follow","max-snippet":"max-snippet:-1","max-image-preview":"max-image-preview:large","max-video-preview":"max-video-preview:-1"},"canonical":"https:\/\/ginecenter.com\/en\/menopause\/","og_locale":"en_GB","og_type":"article","og_title":"Menopausia - Ginecenter","og_description":"Menopausia Climaterio y menopausia En Ginecenter, nuestra ginec\u00f3loga especialista en climaterio y menopausia, Dra. Madriz, le asesorar\u00e1 sobre las diferentes opciones de tratamientos para combatir el malestar originado por los s\u00edntomas de la menopausia, adapt\u00e1ndolos a la condici\u00f3n individual de cada paciente El climaterio es la fase de la vida que comprende los a\u00f1os de [&hellip;]","og_url":"https:\/\/ginecenter.com\/en\/menopause\/","og_site_name":"Ginecenter","article_modified_time":"2025-05-14T11:49:17+00:00","og_image":[{"width":1400,"height":933,"url":"https:\/\/ginecenter.com\/wp-content\/uploads\/2022\/07\/depositphotos_36647475_xl1400px_px.jpg","type":"image\/jpeg"}],"twitter_card":"summary_large_image","twitter_misc":{"Estimated reading time":"4 minutes"},"schema":{"@context":"https:\/\/schema.org","@graph":[{"@type":"WebPage","@id":"https:\/\/ginecenter.com\/menopausia\/","url":"https:\/\/ginecenter.com\/menopausia\/","name":"Menopause - Ginecenter","isPartOf":{"@id":"https:\/\/ginecenter.com\/#website"},"primaryImageOfPage":{"@id":"https:\/\/ginecenter.com\/menopausia\/#primaryimage"},"image":{"@id":"https:\/\/ginecenter.com\/menopausia\/#primaryimage"},"thumbnailUrl":"https:\/\/ginecenter.com\/wp-content\/uploads\/2022\/07\/depositphotos_36647475_xl1400px_px.jpg","datePublished":"2023-04-17T20:03:11+00:00","dateModified":"2025-05-14T11:49:17+00:00","breadcrumb":{"@id":"https:\/\/ginecenter.com\/menopausia\/#breadcrumb"},"inLanguage":"en-GB","potentialAction":[{"@type":"ReadAction","target":["https:\/\/ginecenter.com\/menopausia\/"]}]},{"@type":"ImageObject","inLanguage":"en-GB","@id":"https:\/\/ginecenter.com\/menopausia\/#primaryimage","url":"https:\/\/ginecenter.com\/wp-content\/uploads\/2022\/07\/depositphotos_36647475_xl1400px_px.jpg","contentUrl":"https:\/\/ginecenter.com\/wp-content\/uploads\/2022\/07\/depositphotos_36647475_xl1400px_px.jpg"},{"@type":"BreadcrumbList","@id":"https:\/\/ginecenter.com\/menopausia\/#breadcrumb","itemListElement":[{"@type":"ListItem","position":1,"name":"Portada","item":"https:\/\/ginecenter.com\/"},{"@type":"ListItem","position":2,"name":"Menopausia"}]},{"@type":"WebSite","@id":"https:\/\/ginecenter.com\/#website","url":"https:\/\/ginecenter.com\/","name":"Ginecenter","description":"Another WordPress site","publisher":{"@id":"https:\/\/ginecenter.com\/#organization"},"potentialAction":[{"@type":"SearchAction","target":{"@type":"EntryPoint","urlTemplate":"https:\/\/ginecenter.com\/?s={search_term_string}"},"query-input":{"@type":"PropertyValueSpecification","valueRequired":true,"valueName":"search_term_string"}}],"inLanguage":"en-GB"},{"@type":"Organization","@id":"https:\/\/ginecenter.com\/#organization","name":"Ginecenter","url":"https:\/\/ginecenter.com\/","logo":{"@type":"ImageObject","inLanguage":"en-GB","@id":"https:\/\/ginecenter.com\/#\/schema\/logo\/image\/","url":"https:\/\/ginecenter.com\/wp-content\/uploads\/2022\/07\/logo_blanco.svg","contentUrl":"https:\/\/ginecenter.com\/wp-content\/uploads\/2022\/07\/logo_blanco.svg","width":294,"height":70,"caption":"Ginecenter"},"image":{"@id":"https:\/\/ginecenter.com\/#\/schema\/logo\/image\/"}}]}},"_links":{"self":[{"href":"https:\/\/ginecenter.com\/en\/wp-json\/wp\/v2\/pages\/1275","targetHints":{"allow":["GET"]}}],"collection":[{"href":"https:\/\/ginecenter.com\/en\/wp-json\/wp\/v2\/pages"}],"about":[{"href":"https:\/\/ginecenter.com\/en\/wp-json\/wp\/v2\/types\/page"}],"author":[{"embeddable":true,"href":"https:\/\/ginecenter.com\/en\/wp-json\/wp\/v2\/users\/1"}],"replies":[{"embeddable":true,"href":"https:\/\/ginecenter.com\/en\/wp-json\/wp\/v2\/comments?post=1275"}],"version-history":[{"count":11,"href":"https:\/\/ginecenter.com\/en\/wp-json\/wp\/v2\/pages\/1275\/revisions"}],"predecessor-version":[{"id":1440,"href":"https:\/\/ginecenter.com\/en\/wp-json\/wp\/v2\/pages\/1275\/revisions\/1440"}],"wp:attachment":[{"href":"https:\/\/ginecenter.com\/en\/wp-json\/wp\/v2\/media?parent=1275"}],"curies":[{"name":"wp","href":"https:\/\/api.w.org\/{rel}","templated":true}]}}